{"id":996,"date":"2024-04-26T18:50:06","date_gmt":"2024-04-26T16:50:06","guid":{"rendered":"https:\/\/nd.gaz69.cz\/?post_type=product&#038;p=996"},"modified":"2025-07-01T15:29:44","modified_gmt":"2025-07-01T13:29:44","slug":"pistni-krouzky-82-25","status":"publish","type":"product","link":"https:\/\/nd.gaz69.cz\/en\/produkt\/pistni-krouzky-82-25\/","title":{"rendered":"P\u00edstn\u00ed krou\u017eky &#8211; 82.25 &#8211; ORIGIN\u00c1L !"},"content":{"rendered":"<p>Origin\u00e1l. Nov\u00e9.<\/p>\n<p>Cena je uvedena za kompletn\u00ed sadu pro 4 p\u00edsty.<\/p>\n","protected":false},"excerpt":{"rendered":"<p>Origin\u00e1l. Nov\u00e9. Cena je uvedena za kompletn\u00ed sadu pro 4 p\u00edsty.<\/p>\n","protected":false},"featured_media":995,"template":"","meta":[],"product_brand":[],"product_cat":[18],"product_tag":[],"class_list":{"0":"post-996","1":"product","2":"type-product","3":"status-publish","4":"has-post-thumbnail","6":"product_cat-motor_spojka_prevodovky","8":"first","9":"instock","10":"shipping-taxable","11":"purchasable","12":"product-type-simple"},"_links":{"self":[{"href":"https:\/\/nd.gaz69.cz\/en\/wp-json\/wp\/v2\/product\/996","targetHints":{"allow":["GET"]}}],"collection":[{"href":"https:\/\/nd.gaz69.cz\/en\/wp-json\/wp\/v2\/product"}],"about":[{"href":"https:\/\/nd.gaz69.cz\/en\/wp-json\/wp\/v2\/types\/product"}],"wp:featuredmedia":[{"embeddable":true,"href":"https:\/\/nd.gaz69.cz\/en\/wp-json\/wp\/v2\/media\/995"}],"wp:attachment":[{"href":"https:\/\/nd.gaz69.cz\/en\/wp-json\/wp\/v2\/media?parent=996"}],"wp:term":[{"taxonomy":"product_brand","embeddable":true,"href":"https:\/\/nd.gaz69.cz\/en\/wp-json\/wp\/v2\/product_brand?post=996"},{"taxonomy":"product_cat","embeddable":true,"href":"https:\/\/nd.gaz69.cz\/en\/wp-json\/wp\/v2\/product_cat?post=996"},{"taxonomy":"product_tag","embeddable":true,"href":"https:\/\/nd.gaz69.cz\/en\/wp-json\/wp\/v2\/product_tag?post=996"}],"curies":[{"name":"wp","href":"https:\/\/api.w.org\/{rel}","templated":true}]}}