{"id":976,"date":"2024-04-26T18:36:28","date_gmt":"2024-04-26T16:36:28","guid":{"rendered":"https:\/\/nd.gaz69.cz\/?post_type=product&#038;p=976"},"modified":"2026-02-12T08:40:59","modified_gmt":"2026-02-12T07:40:59","slug":"tesneni-vodni-pumpy","status":"publish","type":"product","link":"https:\/\/nd.gaz69.cz\/en\/produkt\/tesneni-vodni-pumpy\/","title":{"rendered":"T\u011bsn\u011bn\u00ed vodn\u00ed pumpy &#8211; ORIGIN\u00c1L !"},"content":{"rendered":"<p>Origin\u00e1l. Nov\u00e9.<\/p>\n","protected":false},"excerpt":{"rendered":"<p>Origin\u00e1l. Nov\u00e9.<\/p>\n","protected":false},"featured_media":977,"template":"","meta":[],"product_brand":[],"product_cat":[48,18,44],"product_tag":[],"class_list":{"0":"post-976","1":"product","2":"type-product","3":"status-publish","4":"has-post-thumbnail","6":"product_cat-gumove_casti_tesneni_silentbloky","7":"product_cat-motor_spojka_prevodovky","8":"product_cat-sytem_chlazeni_topeni","10":"first","11":"instock","12":"shipping-taxable","13":"purchasable","14":"product-type-simple"},"_links":{"self":[{"href":"https:\/\/nd.gaz69.cz\/en\/wp-json\/wp\/v2\/product\/976","targetHints":{"allow":["GET"]}}],"collection":[{"href":"https:\/\/nd.gaz69.cz\/en\/wp-json\/wp\/v2\/product"}],"about":[{"href":"https:\/\/nd.gaz69.cz\/en\/wp-json\/wp\/v2\/types\/product"}],"wp:featuredmedia":[{"embeddable":true,"href":"https:\/\/nd.gaz69.cz\/en\/wp-json\/wp\/v2\/media\/977"}],"wp:attachment":[{"href":"https:\/\/nd.gaz69.cz\/en\/wp-json\/wp\/v2\/media?parent=976"}],"wp:term":[{"taxonomy":"product_brand","embeddable":true,"href":"https:\/\/nd.gaz69.cz\/en\/wp-json\/wp\/v2\/product_brand?post=976"},{"taxonomy":"product_cat","embeddable":true,"href":"https:\/\/nd.gaz69.cz\/en\/wp-json\/wp\/v2\/product_cat?post=976"},{"taxonomy":"product_tag","embeddable":true,"href":"https:\/\/nd.gaz69.cz\/en\/wp-json\/wp\/v2\/product_tag?post=976"}],"curies":[{"name":"wp","href":"https:\/\/api.w.org\/{rel}","templated":true}]}}