{"id":969,"date":"2024-04-26T18:32:32","date_gmt":"2024-04-26T16:32:32","guid":{"rendered":"https:\/\/nd.gaz69.cz\/?post_type=product&#038;p=969"},"modified":"2026-03-03T15:11:58","modified_gmt":"2026-03-03T14:11:58","slug":"tesneni-vika-jemneho-cistice-oleje-starsi-typ","status":"publish","type":"product","link":"https:\/\/nd.gaz69.cz\/en\/produkt\/tesneni-vika-jemneho-cistice-oleje-starsi-typ\/","title":{"rendered":"T\u011bsn\u011bn\u00ed v\u00edka jemn\u00e9ho \u010disti\u010de oleje &#8211; star\u0161\u00ed typ"},"content":{"rendered":"<p>Analog. Nov\u00e9.<\/p>\n","protected":false},"excerpt":{"rendered":"<p>Analog. Nov\u00e9.<\/p>\n","protected":false},"featured_media":970,"template":"","meta":[],"product_brand":[],"product_cat":[48,18,55],"product_tag":[],"class_list":{"0":"post-969","1":"product","2":"type-product","3":"status-publish","4":"has-post-thumbnail","6":"product_cat-gumove_casti_tesneni_silentbloky","7":"product_cat-motor_spojka_prevodovky","8":"product_cat-volha_21","10":"first","11":"instock","12":"shipping-taxable","13":"purchasable","14":"product-type-simple"},"_links":{"self":[{"href":"https:\/\/nd.gaz69.cz\/en\/wp-json\/wp\/v2\/product\/969","targetHints":{"allow":["GET"]}}],"collection":[{"href":"https:\/\/nd.gaz69.cz\/en\/wp-json\/wp\/v2\/product"}],"about":[{"href":"https:\/\/nd.gaz69.cz\/en\/wp-json\/wp\/v2\/types\/product"}],"wp:featuredmedia":[{"embeddable":true,"href":"https:\/\/nd.gaz69.cz\/en\/wp-json\/wp\/v2\/media\/970"}],"wp:attachment":[{"href":"https:\/\/nd.gaz69.cz\/en\/wp-json\/wp\/v2\/media?parent=969"}],"wp:term":[{"taxonomy":"product_brand","embeddable":true,"href":"https:\/\/nd.gaz69.cz\/en\/wp-json\/wp\/v2\/product_brand?post=969"},{"taxonomy":"product_cat","embeddable":true,"href":"https:\/\/nd.gaz69.cz\/en\/wp-json\/wp\/v2\/product_cat?post=969"},{"taxonomy":"product_tag","embeddable":true,"href":"https:\/\/nd.gaz69.cz\/en\/wp-json\/wp\/v2\/product_tag?post=969"}],"curies":[{"name":"wp","href":"https:\/\/api.w.org\/{rel}","templated":true}]}}