{"id":966,"date":"2024-04-26T18:29:43","date_gmt":"2024-04-26T16:29:43","guid":{"rendered":"https:\/\/nd.gaz69.cz\/?post_type=product&#038;p=966"},"modified":"2025-08-26T16:13:23","modified_gmt":"2025-08-26T14:13:23","slug":"membrana-palivoveho-cerpadla-6-der","status":"publish","type":"product","link":"https:\/\/nd.gaz69.cz\/en\/produkt\/membrana-palivoveho-cerpadla-6-der\/","title":{"rendered":"Membr\u00e1na palivov\u00e9ho \u010derpadla &#8211; 6 d\u011br"},"content":{"rendered":"<p>Analog. Nov\u00e1.<\/p>\n<p>Membr\u00e1na je <strong>odoln\u00e1<\/strong> dne\u0161n\u00edmu benz\u00ednu s p\u0159\u00edm\u011bs\u00ed bioslo\u017eek, kter\u00e9 jsou tvo\u0159en\u00e9 methylestery kyselin z \u0159epkov\u00e9ho oleje (ME\u0158O) nebo methylestery mastn\u00fdch kyselin z palmov\u00e9ho oleje (FAME).<\/p>\n<p>Pro jedno palivov\u00e9 \u010derpadlo jsou ur\u010deny 3 kusy pl\u00e1tna o s\u00edle 0,4 mm a celkov\u011b tak tvo\u0159\u00ed s\u00edlu 1,2 mm, stejn\u011b jako p\u016fvodn\u00ed membr\u00e1ny.<\/p>\n<p>Cena je uvedena za 1 komplet ( 3 kusy ), do 1 palivov\u00e9ho \u010derpadla.<\/p>\n","protected":false},"excerpt":{"rendered":"<p>Analog. Nov\u00e1. Membr\u00e1na je odoln\u00e1 dne\u0161n\u00edmu benz\u00ednu s p\u0159\u00edm\u011bs\u00ed bioslo\u017eek, kter\u00e9 jsou tvo\u0159en\u00e9 methylestery kyselin z \u0159epkov\u00e9ho oleje (ME\u0158O) nebo methylestery mastn\u00fdch kyselin z palmov\u00e9ho oleje (FAME). Pro jedno palivov\u00e9 \u010derpadlo jsou ur\u010deny 3 kusy pl\u00e1tna o s\u00edle 0,4 mm a celkov\u011b tak tvo\u0159\u00ed s\u00edlu 1,2 mm, stejn\u011b jako p\u016fvodn\u00ed membr\u00e1ny. Cena je uvedena za [&hellip;]<\/p>\n","protected":false},"featured_media":1000,"template":"","meta":[],"product_brand":[],"product_cat":[48,18,47,54,55,56,57],"product_tag":[],"class_list":{"0":"post-966","1":"product","2":"type-product","3":"status-publish","4":"has-post-thumbnail","6":"product_cat-gumove_casti_tesneni_silentbloky","7":"product_cat-motor_spojka_prevodovky","8":"product_cat-system_paliva","9":"product_cat-uaz_469_uaz_452","10":"product_cat-volha_21","11":"product_cat-volha_24","12":"product_cat-aro_m461","14":"first","15":"instock","16":"shipping-taxable","17":"purchasable","18":"product-type-simple"},"_links":{"self":[{"href":"https:\/\/nd.gaz69.cz\/en\/wp-json\/wp\/v2\/product\/966","targetHints":{"allow":["GET"]}}],"collection":[{"href":"https:\/\/nd.gaz69.cz\/en\/wp-json\/wp\/v2\/product"}],"about":[{"href":"https:\/\/nd.gaz69.cz\/en\/wp-json\/wp\/v2\/types\/product"}],"wp:featuredmedia":[{"embeddable":true,"href":"https:\/\/nd.gaz69.cz\/en\/wp-json\/wp\/v2\/media\/1000"}],"wp:attachment":[{"href":"https:\/\/nd.gaz69.cz\/en\/wp-json\/wp\/v2\/media?parent=966"}],"wp:term":[{"taxonomy":"product_brand","embeddable":true,"href":"https:\/\/nd.gaz69.cz\/en\/wp-json\/wp\/v2\/product_brand?post=966"},{"taxonomy":"product_cat","embeddable":true,"href":"https:\/\/nd.gaz69.cz\/en\/wp-json\/wp\/v2\/product_cat?post=966"},{"taxonomy":"product_tag","embeddable":true,"href":"https:\/\/nd.gaz69.cz\/en\/wp-json\/wp\/v2\/product_tag?post=966"}],"curies":[{"name":"wp","href":"https:\/\/api.w.org\/{rel}","templated":true}]}}