{"id":957,"date":"2025-07-08T14:08:36","date_gmt":"2025-07-08T12:08:36","guid":{"rendered":"https:\/\/nd.gaz69.cz\/?post_type=product&#038;p=957"},"modified":"2025-08-19T17:27:50","modified_gmt":"2025-08-19T15:27:50","slug":"svetlo-pro-osvetleni-zadni-napravy-a-zadnich-kol-vozidla","status":"publish","type":"product","link":"https:\/\/nd.gaz69.cz\/en\/produkt\/svetlo-pro-osvetleni-zadni-napravy-a-zadnich-kol-vozidla\/","title":{"rendered":"Sv\u00edtilna pro osv\u011btlen\u00ed zadn\u00ed n\u00e1pravy a zadn\u00edch kol vozidla &#8211; ORIGIN\u00c1L !"},"content":{"rendered":"<p>Origin\u00e1l. Nov\u00e1.<\/p>\n<p>Tato sv\u00edtilna je upevn\u011bn\u00e1 pod karoseri\u00ed vozu na p\u0159\u00ed\u010dn\u00edku jeho r\u00e1mu.<\/p>\n<p>Spr\u00e1vn\u011b nainstalovan\u00e1 sv\u00edtilna, by m\u011bla osv\u011btlit sk\u0159\u00ed\u0148 zadn\u00ed n\u00e1pravy a \u00fasek vozovky ohrani\u010den\u00fd rozchodem vozidla, aby se pod karoseri\u00ed z\u00edskal shora a ze stran neviditeln\u00fd sv\u011bteln\u00fd bod, podle kter\u00e9ho se \u0159idi\u010d vozidla vzadu, dok\u00e1\u017ee orientovat p\u0159i j\u00edzd\u011b v no\u010dn\u00ed kolon\u011b.<\/p>\n","protected":false},"excerpt":{"rendered":"<p>Origin\u00e1l. Nov\u00e1. Tato sv\u00edtilna je upevn\u011bn\u00e1 pod karoseri\u00ed vozu na p\u0159\u00ed\u010dn\u00edku jeho r\u00e1mu. Spr\u00e1vn\u011b nainstalovan\u00e1 sv\u00edtilna, by m\u011bla osv\u011btlit sk\u0159\u00ed\u0148 zadn\u00ed n\u00e1pravy a \u00fasek vozovky ohrani\u010den\u00fd rozchodem vozidla, aby se pod karoseri\u00ed z\u00edskal shora a ze stran neviditeln\u00fd sv\u011bteln\u00fd bod, podle kter\u00e9ho se \u0159idi\u010d vozidla vzadu, dok\u00e1\u017ee orientovat p\u0159i j\u00edzd\u011b v no\u010dn\u00ed kolon\u011b.<\/p>\n","protected":false},"featured_media":958,"template":"","meta":[],"product_brand":[],"product_cat":[31,54],"product_tag":[],"class_list":{"0":"post-957","1":"product","2":"type-product","3":"status-publish","4":"has-post-thumbnail","6":"product_cat-elektricke_casti","7":"product_cat-uaz_469_uaz_452","9":"first","10":"instock","11":"shipping-taxable","12":"purchasable","13":"product-type-simple"},"_links":{"self":[{"href":"https:\/\/nd.gaz69.cz\/en\/wp-json\/wp\/v2\/product\/957","targetHints":{"allow":["GET"]}}],"collection":[{"href":"https:\/\/nd.gaz69.cz\/en\/wp-json\/wp\/v2\/product"}],"about":[{"href":"https:\/\/nd.gaz69.cz\/en\/wp-json\/wp\/v2\/types\/product"}],"wp:featuredmedia":[{"embeddable":true,"href":"https:\/\/nd.gaz69.cz\/en\/wp-json\/wp\/v2\/media\/958"}],"wp:attachment":[{"href":"https:\/\/nd.gaz69.cz\/en\/wp-json\/wp\/v2\/media?parent=957"}],"wp:term":[{"taxonomy":"product_brand","embeddable":true,"href":"https:\/\/nd.gaz69.cz\/en\/wp-json\/wp\/v2\/product_brand?post=957"},{"taxonomy":"product_cat","embeddable":true,"href":"https:\/\/nd.gaz69.cz\/en\/wp-json\/wp\/v2\/product_cat?post=957"},{"taxonomy":"product_tag","embeddable":true,"href":"https:\/\/nd.gaz69.cz\/en\/wp-json\/wp\/v2\/product_tag?post=957"}],"curies":[{"name":"wp","href":"https:\/\/api.w.org\/{rel}","templated":true}]}}