{"id":946,"date":"2024-04-26T18:12:45","date_gmt":"2024-04-26T16:12:45","guid":{"rendered":"https:\/\/nd.gaz69.cz\/?post_type=product&#038;p=946"},"modified":"2025-08-19T18:19:42","modified_gmt":"2025-08-19T16:19:42","slug":"duty-sroub-1-4-18-uhlovy-nadoba-jemneho-cistice-oleje","status":"publish","type":"product","link":"https:\/\/nd.gaz69.cz\/en\/produkt\/duty-sroub-1-4-18-uhlovy-nadoba-jemneho-cistice-oleje\/","title":{"rendered":"Dut\u00fd \u0161roub 1\/4 &#8211; 18, \u00fahlov\u00fd &#8211; n\u00e1doba jemn\u00e9ho \u010disti\u010de oleje &#8211; ORIGIN\u00c1L !"},"content":{"rendered":"<p>Origin\u00e1l. Nov\u00fd.<\/p>\n","protected":false},"excerpt":{"rendered":"<p>Origin\u00e1l. Nov\u00fd.<\/p>\n","protected":false},"featured_media":947,"template":"","meta":[],"product_brand":[],"product_cat":[18,55],"product_tag":[],"class_list":{"0":"post-946","1":"product","2":"type-product","3":"status-publish","4":"has-post-thumbnail","6":"product_cat-motor_spojka_prevodovky","7":"product_cat-volha_21","9":"first","10":"instock","11":"shipping-taxable","12":"purchasable","13":"product-type-simple"},"_links":{"self":[{"href":"https:\/\/nd.gaz69.cz\/en\/wp-json\/wp\/v2\/product\/946","targetHints":{"allow":["GET"]}}],"collection":[{"href":"https:\/\/nd.gaz69.cz\/en\/wp-json\/wp\/v2\/product"}],"about":[{"href":"https:\/\/nd.gaz69.cz\/en\/wp-json\/wp\/v2\/types\/product"}],"wp:featuredmedia":[{"embeddable":true,"href":"https:\/\/nd.gaz69.cz\/en\/wp-json\/wp\/v2\/media\/947"}],"wp:attachment":[{"href":"https:\/\/nd.gaz69.cz\/en\/wp-json\/wp\/v2\/media?parent=946"}],"wp:term":[{"taxonomy":"product_brand","embeddable":true,"href":"https:\/\/nd.gaz69.cz\/en\/wp-json\/wp\/v2\/product_brand?post=946"},{"taxonomy":"product_cat","embeddable":true,"href":"https:\/\/nd.gaz69.cz\/en\/wp-json\/wp\/v2\/product_cat?post=946"},{"taxonomy":"product_tag","embeddable":true,"href":"https:\/\/nd.gaz69.cz\/en\/wp-json\/wp\/v2\/product_tag?post=946"}],"curies":[{"name":"wp","href":"https:\/\/api.w.org\/{rel}","templated":true}]}}