{"id":936,"date":"2024-04-26T17:53:58","date_gmt":"2024-04-26T15:53:58","guid":{"rendered":"https:\/\/nd.gaz69.cz\/?post_type=product&#038;p=936"},"modified":"2024-08-26T14:10:06","modified_gmt":"2024-08-26T12:10:06","slug":"tesneni-motoru","status":"publish","type":"product","link":"https:\/\/nd.gaz69.cz\/en\/produkt\/tesneni-motoru\/","title":{"rendered":"T\u011bsn\u011bn\u00ed motoru"},"content":{"rendered":"<p>Analog. Nov\u00e9.<\/p>\n<p>Kompletn\u00ed.<\/p>\n<p>T\u011bsn\u011bn\u00ed je ur\u010deno pro obsah motoru 2120 i 2430.<\/p>\n","protected":false},"excerpt":{"rendered":"<p>Analog. Nov\u00e9. Kompletn\u00ed. T\u011bsn\u011bn\u00ed je ur\u010deno pro obsah motoru 2120 i 2430.<\/p>\n","protected":false},"featured_media":937,"template":"","meta":[],"product_brand":[],"product_cat":[48,18],"product_tag":[],"class_list":{"0":"post-936","1":"product","2":"type-product","3":"status-publish","4":"has-post-thumbnail","6":"product_cat-gumove_casti_tesneni_silentbloky","7":"product_cat-motor_spojka_prevodovky","9":"first","10":"instock","11":"shipping-taxable","12":"purchasable","13":"product-type-simple"},"_links":{"self":[{"href":"https:\/\/nd.gaz69.cz\/en\/wp-json\/wp\/v2\/product\/936","targetHints":{"allow":["GET"]}}],"collection":[{"href":"https:\/\/nd.gaz69.cz\/en\/wp-json\/wp\/v2\/product"}],"about":[{"href":"https:\/\/nd.gaz69.cz\/en\/wp-json\/wp\/v2\/types\/product"}],"wp:featuredmedia":[{"embeddable":true,"href":"https:\/\/nd.gaz69.cz\/en\/wp-json\/wp\/v2\/media\/937"}],"wp:attachment":[{"href":"https:\/\/nd.gaz69.cz\/en\/wp-json\/wp\/v2\/media?parent=936"}],"wp:term":[{"taxonomy":"product_brand","embeddable":true,"href":"https:\/\/nd.gaz69.cz\/en\/wp-json\/wp\/v2\/product_brand?post=936"},{"taxonomy":"product_cat","embeddable":true,"href":"https:\/\/nd.gaz69.cz\/en\/wp-json\/wp\/v2\/product_cat?post=936"},{"taxonomy":"product_tag","embeddable":true,"href":"https:\/\/nd.gaz69.cz\/en\/wp-json\/wp\/v2\/product_tag?post=936"}],"curies":[{"name":"wp","href":"https:\/\/api.w.org\/{rel}","templated":true}]}}