{"id":837,"date":"2024-04-23T14:07:05","date_gmt":"2024-04-23T12:07:05","guid":{"rendered":"https:\/\/nd.gaz69.cz\/?post_type=product&#038;p=837"},"modified":"2025-08-26T16:27:06","modified_gmt":"2025-08-26T14:27:06","slug":"zpetna-zrcatka-upevneni-na-ram-okna","status":"publish","type":"product","link":"https:\/\/nd.gaz69.cz\/en\/produkt\/zpetna-zrcatka-upevneni-na-ram-okna\/","title":{"rendered":"Zp\u011btn\u00e1 zrc\u00e1tka &#8211; upevn\u011bn\u00ed na r\u00e1m okna"},"content":{"rendered":"<p>Analog. Nov\u00e9.<\/p>\n<p>Cel\u00fd komplet obsahuje ( 2 kusy zrc\u00e1tek, 4 kusy posuvn\u00fdch trubek, 2 kusy dr\u017e\u00e1k\u016f na r\u00e1m okna ).<\/p>\n<p>Bez nutnosti vrt\u00e1n\u00ed nov\u00fdch d\u011br.<\/p>\n<p>Cena je uvedena za cel\u00fd komplet.<\/p>\n","protected":false},"excerpt":{"rendered":"<p>Analog. Nov\u00e9. Cel\u00fd komplet obsahuje ( 2 kusy zrc\u00e1tek, 4 kusy posuvn\u00fdch trubek, 2 kusy dr\u017e\u00e1k\u016f na r\u00e1m okna ). Bez nutnosti vrt\u00e1n\u00ed nov\u00fdch d\u011br. Cena je uvedena za cel\u00fd komplet.<\/p>\n","protected":false},"featured_media":838,"template":"","meta":[],"product_brand":[],"product_cat":[27,54,57],"product_tag":[],"class_list":{"0":"post-837","1":"product","2":"type-product","3":"status-publish","4":"has-post-thumbnail","6":"product_cat-karoserie","7":"product_cat-uaz_469_uaz_452","8":"product_cat-aro_m461","10":"first","11":"instock","12":"shipping-taxable","13":"purchasable","14":"product-type-simple"},"_links":{"self":[{"href":"https:\/\/nd.gaz69.cz\/en\/wp-json\/wp\/v2\/product\/837","targetHints":{"allow":["GET"]}}],"collection":[{"href":"https:\/\/nd.gaz69.cz\/en\/wp-json\/wp\/v2\/product"}],"about":[{"href":"https:\/\/nd.gaz69.cz\/en\/wp-json\/wp\/v2\/types\/product"}],"wp:featuredmedia":[{"embeddable":true,"href":"https:\/\/nd.gaz69.cz\/en\/wp-json\/wp\/v2\/media\/838"}],"wp:attachment":[{"href":"https:\/\/nd.gaz69.cz\/en\/wp-json\/wp\/v2\/media?parent=837"}],"wp:term":[{"taxonomy":"product_brand","embeddable":true,"href":"https:\/\/nd.gaz69.cz\/en\/wp-json\/wp\/v2\/product_brand?post=837"},{"taxonomy":"product_cat","embeddable":true,"href":"https:\/\/nd.gaz69.cz\/en\/wp-json\/wp\/v2\/product_cat?post=837"},{"taxonomy":"product_tag","embeddable":true,"href":"https:\/\/nd.gaz69.cz\/en\/wp-json\/wp\/v2\/product_tag?post=837"}],"curies":[{"name":"wp","href":"https:\/\/api.w.org\/{rel}","templated":true}]}}