{"id":836,"date":"2025-07-08T13:36:04","date_gmt":"2025-07-08T11:36:04","guid":{"rendered":"https:\/\/nd.gaz69.cz\/?post_type=product&#038;p=836"},"modified":"2026-01-21T09:21:07","modified_gmt":"2026-01-21T08:21:07","slug":"kryt-k-upevneni-akumulatoru-gaz-69-a-5-mist","status":"publish","type":"product","link":"https:\/\/nd.gaz69.cz\/en\/produkt\/kryt-k-upevneni-akumulatoru-gaz-69-a-5-mist\/","title":{"rendered":"Kryt k upevn\u011bn\u00ed akumul\u00e1toru Gaz 69 A ( 5 m\u00edst )"},"content":{"rendered":"<p>Analog. Nov\u00fd.<\/p>\n","protected":false},"excerpt":{"rendered":"<p>Analog. Nov\u00fd.<\/p>\n","protected":false},"featured_media":852,"template":"","meta":[],"product_brand":[],"product_cat":[45],"product_tag":[],"class_list":{"0":"post-836","1":"product","2":"type-product","3":"status-publish","4":"has-post-thumbnail","6":"product_cat-casti_kabiny","8":"first","9":"instock","10":"shipping-taxable","11":"purchasable","12":"product-type-simple"},"_links":{"self":[{"href":"https:\/\/nd.gaz69.cz\/en\/wp-json\/wp\/v2\/product\/836","targetHints":{"allow":["GET"]}}],"collection":[{"href":"https:\/\/nd.gaz69.cz\/en\/wp-json\/wp\/v2\/product"}],"about":[{"href":"https:\/\/nd.gaz69.cz\/en\/wp-json\/wp\/v2\/types\/product"}],"wp:featuredmedia":[{"embeddable":true,"href":"https:\/\/nd.gaz69.cz\/en\/wp-json\/wp\/v2\/media\/852"}],"wp:attachment":[{"href":"https:\/\/nd.gaz69.cz\/en\/wp-json\/wp\/v2\/media?parent=836"}],"wp:term":[{"taxonomy":"product_brand","embeddable":true,"href":"https:\/\/nd.gaz69.cz\/en\/wp-json\/wp\/v2\/product_brand?post=836"},{"taxonomy":"product_cat","embeddable":true,"href":"https:\/\/nd.gaz69.cz\/en\/wp-json\/wp\/v2\/product_cat?post=836"},{"taxonomy":"product_tag","embeddable":true,"href":"https:\/\/nd.gaz69.cz\/en\/wp-json\/wp\/v2\/product_tag?post=836"}],"curies":[{"name":"wp","href":"https:\/\/api.w.org\/{rel}","templated":true}]}}