{"id":819,"date":"2024-04-23T12:53:11","date_gmt":"2024-04-23T10:53:11","guid":{"rendered":"https:\/\/nd.gaz69.cz\/?post_type=product&#038;p=819"},"modified":"2024-05-07T17:50:01","modified_gmt":"2024-05-07T15:50:01","slug":"spona-kabelu-ke-spinaci-starteru","status":"publish","type":"product","link":"https:\/\/nd.gaz69.cz\/en\/produkt\/spona-kabelu-ke-spinaci-starteru\/","title":{"rendered":"Spona kabelu ke sp\u00edna\u010di start\u00e9ru"},"content":{"rendered":"<p>Analog. Nov\u00e1.<\/p>\n","protected":false},"excerpt":{"rendered":"<p>Analog. Nov\u00e1.<\/p>\n","protected":false},"featured_media":820,"template":"","meta":[],"product_brand":[],"product_cat":[31],"product_tag":[],"class_list":{"0":"post-819","1":"product","2":"type-product","3":"status-publish","4":"has-post-thumbnail","6":"product_cat-elektricke_casti","8":"first","9":"instock","10":"shipping-taxable","11":"purchasable","12":"product-type-simple"},"_links":{"self":[{"href":"https:\/\/nd.gaz69.cz\/en\/wp-json\/wp\/v2\/product\/819","targetHints":{"allow":["GET"]}}],"collection":[{"href":"https:\/\/nd.gaz69.cz\/en\/wp-json\/wp\/v2\/product"}],"about":[{"href":"https:\/\/nd.gaz69.cz\/en\/wp-json\/wp\/v2\/types\/product"}],"wp:featuredmedia":[{"embeddable":true,"href":"https:\/\/nd.gaz69.cz\/en\/wp-json\/wp\/v2\/media\/820"}],"wp:attachment":[{"href":"https:\/\/nd.gaz69.cz\/en\/wp-json\/wp\/v2\/media?parent=819"}],"wp:term":[{"taxonomy":"product_brand","embeddable":true,"href":"https:\/\/nd.gaz69.cz\/en\/wp-json\/wp\/v2\/product_brand?post=819"},{"taxonomy":"product_cat","embeddable":true,"href":"https:\/\/nd.gaz69.cz\/en\/wp-json\/wp\/v2\/product_cat?post=819"},{"taxonomy":"product_tag","embeddable":true,"href":"https:\/\/nd.gaz69.cz\/en\/wp-json\/wp\/v2\/product_tag?post=819"}],"curies":[{"name":"wp","href":"https:\/\/api.w.org\/{rel}","templated":true}]}}