{"id":809,"date":"2024-04-23T12:22:19","date_gmt":"2024-04-23T10:22:19","guid":{"rendered":"https:\/\/nd.gaz69.cz\/?post_type=product&#038;p=809"},"modified":"2024-05-29T17:48:09","modified_gmt":"2024-05-29T15:48:09","slug":"sitka-bocniho-okenka-komory-spojky","status":"publish","type":"product","link":"https:\/\/nd.gaz69.cz\/en\/produkt\/sitka-bocniho-okenka-komory-spojky\/","title":{"rendered":"S\u00ed\u0165ka bo\u010dn\u00edho okna komory spojky"},"content":{"rendered":"<p>Analog. Nov\u00e1.<\/p>\n","protected":false},"excerpt":{"rendered":"<p>Analog. Nov\u00e1.<\/p>\n","protected":false},"featured_media":810,"template":"","meta":[],"product_brand":[],"product_cat":[18],"product_tag":[],"class_list":{"0":"post-809","1":"product","2":"type-product","3":"status-publish","4":"has-post-thumbnail","6":"product_cat-motor_spojka_prevodovky","8":"first","9":"instock","10":"shipping-taxable","11":"purchasable","12":"product-type-simple"},"_links":{"self":[{"href":"https:\/\/nd.gaz69.cz\/en\/wp-json\/wp\/v2\/product\/809","targetHints":{"allow":["GET"]}}],"collection":[{"href":"https:\/\/nd.gaz69.cz\/en\/wp-json\/wp\/v2\/product"}],"about":[{"href":"https:\/\/nd.gaz69.cz\/en\/wp-json\/wp\/v2\/types\/product"}],"wp:featuredmedia":[{"embeddable":true,"href":"https:\/\/nd.gaz69.cz\/en\/wp-json\/wp\/v2\/media\/810"}],"wp:attachment":[{"href":"https:\/\/nd.gaz69.cz\/en\/wp-json\/wp\/v2\/media?parent=809"}],"wp:term":[{"taxonomy":"product_brand","embeddable":true,"href":"https:\/\/nd.gaz69.cz\/en\/wp-json\/wp\/v2\/product_brand?post=809"},{"taxonomy":"product_cat","embeddable":true,"href":"https:\/\/nd.gaz69.cz\/en\/wp-json\/wp\/v2\/product_cat?post=809"},{"taxonomy":"product_tag","embeddable":true,"href":"https:\/\/nd.gaz69.cz\/en\/wp-json\/wp\/v2\/product_tag?post=809"}],"curies":[{"name":"wp","href":"https:\/\/api.w.org\/{rel}","templated":true}]}}