{"id":782,"date":"2024-05-30T17:24:21","date_gmt":"2024-05-30T15:24:21","guid":{"rendered":"https:\/\/nd.gaz69.cz\/?post_type=product&#038;p=782"},"modified":"2024-05-30T17:24:20","modified_gmt":"2024-05-30T15:24:20","slug":"tlumic-vyfuku","status":"publish","type":"product","link":"https:\/\/nd.gaz69.cz\/en\/produkt\/tlumic-vyfuku\/","title":{"rendered":"Tlumi\u010d v\u00fdfuku"},"content":{"rendered":"<p>Analog. Nov\u00fd. Kvalitn\u00ed v\u00fdroba.<\/p>\n","protected":false},"excerpt":{"rendered":"<p>Analog. Nov\u00fd. Kvalitn\u00ed v\u00fdroba.<\/p>\n","protected":false},"featured_media":1743,"template":"","meta":[],"product_brand":[],"product_cat":[30],"product_tag":[],"class_list":{"0":"post-782","1":"product","2":"type-product","3":"status-publish","4":"has-post-thumbnail","6":"product_cat-vyfukovy_system","8":"first","9":"instock","10":"shipping-taxable","11":"purchasable","12":"product-type-simple"},"_links":{"self":[{"href":"https:\/\/nd.gaz69.cz\/en\/wp-json\/wp\/v2\/product\/782","targetHints":{"allow":["GET"]}}],"collection":[{"href":"https:\/\/nd.gaz69.cz\/en\/wp-json\/wp\/v2\/product"}],"about":[{"href":"https:\/\/nd.gaz69.cz\/en\/wp-json\/wp\/v2\/types\/product"}],"wp:featuredmedia":[{"embeddable":true,"href":"https:\/\/nd.gaz69.cz\/en\/wp-json\/wp\/v2\/media\/1743"}],"wp:attachment":[{"href":"https:\/\/nd.gaz69.cz\/en\/wp-json\/wp\/v2\/media?parent=782"}],"wp:term":[{"taxonomy":"product_brand","embeddable":true,"href":"https:\/\/nd.gaz69.cz\/en\/wp-json\/wp\/v2\/product_brand?post=782"},{"taxonomy":"product_cat","embeddable":true,"href":"https:\/\/nd.gaz69.cz\/en\/wp-json\/wp\/v2\/product_cat?post=782"},{"taxonomy":"product_tag","embeddable":true,"href":"https:\/\/nd.gaz69.cz\/en\/wp-json\/wp\/v2\/product_tag?post=782"}],"curies":[{"name":"wp","href":"https:\/\/api.w.org\/{rel}","templated":true}]}}