{"id":760,"date":"2024-04-10T17:23:54","date_gmt":"2024-04-10T15:23:54","guid":{"rendered":"https:\/\/nd.gaz69.cz\/?post_type=product&#038;p=760"},"modified":"2026-01-26T09:17:43","modified_gmt":"2026-01-26T08:17:43","slug":"odvadeci-trubka-chladice","status":"publish","type":"product","link":"https:\/\/nd.gaz69.cz\/en\/produkt\/odvadeci-trubka-chladice\/","title":{"rendered":"Odv\u00e1d\u011bc\u00ed trubka chladi\u010de &#8211; DO\u010cASN\u011a VYPROD\u00c1NO &#8230;."},"content":{"rendered":"<p>Analog. Nov\u00e1.<\/p>\n<p>Materi\u00e1l nerez.<\/p>\n","protected":false},"excerpt":{"rendered":"<p>Analog. Nov\u00e1. Materi\u00e1l nerez.<\/p>\n","protected":false},"featured_media":761,"template":"","meta":[],"product_brand":[],"product_cat":[44],"product_tag":[],"class_list":{"0":"post-760","1":"product","2":"type-product","3":"status-publish","4":"has-post-thumbnail","6":"product_cat-sytem_chlazeni_topeni","8":"first","9":"instock","10":"shipping-taxable","11":"purchasable","12":"product-type-simple"},"_links":{"self":[{"href":"https:\/\/nd.gaz69.cz\/en\/wp-json\/wp\/v2\/product\/760","targetHints":{"allow":["GET"]}}],"collection":[{"href":"https:\/\/nd.gaz69.cz\/en\/wp-json\/wp\/v2\/product"}],"about":[{"href":"https:\/\/nd.gaz69.cz\/en\/wp-json\/wp\/v2\/types\/product"}],"wp:featuredmedia":[{"embeddable":true,"href":"https:\/\/nd.gaz69.cz\/en\/wp-json\/wp\/v2\/media\/761"}],"wp:attachment":[{"href":"https:\/\/nd.gaz69.cz\/en\/wp-json\/wp\/v2\/media?parent=760"}],"wp:term":[{"taxonomy":"product_brand","embeddable":true,"href":"https:\/\/nd.gaz69.cz\/en\/wp-json\/wp\/v2\/product_brand?post=760"},{"taxonomy":"product_cat","embeddable":true,"href":"https:\/\/nd.gaz69.cz\/en\/wp-json\/wp\/v2\/product_cat?post=760"},{"taxonomy":"product_tag","embeddable":true,"href":"https:\/\/nd.gaz69.cz\/en\/wp-json\/wp\/v2\/product_tag?post=760"}],"curies":[{"name":"wp","href":"https:\/\/api.w.org\/{rel}","templated":true}]}}