{"id":752,"date":"2024-04-10T11:09:43","date_gmt":"2024-04-10T09:09:43","guid":{"rendered":"https:\/\/nd.gaz69.cz\/?post_type=product&#038;p=752"},"modified":"2025-08-26T16:32:14","modified_gmt":"2025-08-26T14:32:14","slug":"tesneni-polokouli-predni-napravy","status":"publish","type":"product","link":"https:\/\/nd.gaz69.cz\/en\/produkt\/tesneni-polokouli-predni-napravy\/","title":{"rendered":"T\u011bsn\u011bn\u00ed polokoul\u00ed p\u0159edn\u00ed n\u00e1pravy"},"content":{"rendered":"<p>Analog. Nov\u00e9.<\/p>\n","protected":false},"excerpt":{"rendered":"<p>Analog. Nov\u00e9.<\/p>\n","protected":false},"featured_media":753,"template":"","meta":[],"product_brand":[],"product_cat":[28,54,57],"product_tag":[],"class_list":{"0":"post-752","1":"product","2":"type-product","3":"status-publish","4":"has-post-thumbnail","6":"product_cat-podvozek","7":"product_cat-uaz_469_uaz_452","8":"product_cat-aro_m461","10":"first","11":"instock","12":"shipping-taxable","13":"purchasable","14":"product-type-simple"},"_links":{"self":[{"href":"https:\/\/nd.gaz69.cz\/en\/wp-json\/wp\/v2\/product\/752","targetHints":{"allow":["GET"]}}],"collection":[{"href":"https:\/\/nd.gaz69.cz\/en\/wp-json\/wp\/v2\/product"}],"about":[{"href":"https:\/\/nd.gaz69.cz\/en\/wp-json\/wp\/v2\/types\/product"}],"wp:featuredmedia":[{"embeddable":true,"href":"https:\/\/nd.gaz69.cz\/en\/wp-json\/wp\/v2\/media\/753"}],"wp:attachment":[{"href":"https:\/\/nd.gaz69.cz\/en\/wp-json\/wp\/v2\/media?parent=752"}],"wp:term":[{"taxonomy":"product_brand","embeddable":true,"href":"https:\/\/nd.gaz69.cz\/en\/wp-json\/wp\/v2\/product_brand?post=752"},{"taxonomy":"product_cat","embeddable":true,"href":"https:\/\/nd.gaz69.cz\/en\/wp-json\/wp\/v2\/product_cat?post=752"},{"taxonomy":"product_tag","embeddable":true,"href":"https:\/\/nd.gaz69.cz\/en\/wp-json\/wp\/v2\/product_tag?post=752"}],"curies":[{"name":"wp","href":"https:\/\/api.w.org\/{rel}","templated":true}]}}