{"id":713,"date":"2025-10-25T09:15:32","date_gmt":"2025-10-25T07:15:32","guid":{"rendered":"https:\/\/nd.gaz69.cz\/?post_type=product&#038;p=713"},"modified":"2026-01-11T11:42:32","modified_gmt":"2026-01-11T10:42:32","slug":"uzaver-plniciho-hrdla-pridavne-nadrze","status":"publish","type":"product","link":"https:\/\/nd.gaz69.cz\/en\/produkt\/uzaver-plniciho-hrdla-pridavne-nadrze\/","title":{"rendered":"Uz\u00e1v\u011br pln\u00edc\u00edho hrdla p\u0159\u00eddavn\u00e9 n\u00e1dr\u017ee &#8211; ORIGIN\u00c1L !"},"content":{"rendered":"<p>Origin\u00e1l. Nov\u00fd.<\/p>\n<p>Plastov\u00e9 proveden\u00ed.<\/p>\n","protected":false},"excerpt":{"rendered":"<p>Origin\u00e1l. Nov\u00fd. Plastov\u00e9 proveden\u00ed.<\/p>\n","protected":false},"featured_media":4713,"template":"","meta":[],"product_brand":[],"product_cat":[47],"product_tag":[],"class_list":{"0":"post-713","1":"product","2":"type-product","3":"status-publish","4":"has-post-thumbnail","6":"product_cat-system_paliva","8":"first","9":"instock","10":"shipping-taxable","11":"purchasable","12":"product-type-simple"},"_links":{"self":[{"href":"https:\/\/nd.gaz69.cz\/en\/wp-json\/wp\/v2\/product\/713","targetHints":{"allow":["GET"]}}],"collection":[{"href":"https:\/\/nd.gaz69.cz\/en\/wp-json\/wp\/v2\/product"}],"about":[{"href":"https:\/\/nd.gaz69.cz\/en\/wp-json\/wp\/v2\/types\/product"}],"wp:featuredmedia":[{"embeddable":true,"href":"https:\/\/nd.gaz69.cz\/en\/wp-json\/wp\/v2\/media\/4713"}],"wp:attachment":[{"href":"https:\/\/nd.gaz69.cz\/en\/wp-json\/wp\/v2\/media?parent=713"}],"wp:term":[{"taxonomy":"product_brand","embeddable":true,"href":"https:\/\/nd.gaz69.cz\/en\/wp-json\/wp\/v2\/product_brand?post=713"},{"taxonomy":"product_cat","embeddable":true,"href":"https:\/\/nd.gaz69.cz\/en\/wp-json\/wp\/v2\/product_cat?post=713"},{"taxonomy":"product_tag","embeddable":true,"href":"https:\/\/nd.gaz69.cz\/en\/wp-json\/wp\/v2\/product_tag?post=713"}],"curies":[{"name":"wp","href":"https:\/\/api.w.org\/{rel}","templated":true}]}}