{"id":707,"date":"2026-01-28T03:00:13","date_gmt":"2026-01-28T02:00:13","guid":{"rendered":"https:\/\/nd.gaz69.cz\/?post_type=product&#038;p=707"},"modified":"2026-01-28T14:39:00","modified_gmt":"2026-01-28T13:39:00","slug":"uzaver-plniciho-hrdla-chladice-starsi-typ-pro-vetsi-hrdlo","status":"publish","type":"product","link":"https:\/\/nd.gaz69.cz\/en\/produkt\/uzaver-plniciho-hrdla-chladice-starsi-typ-pro-vetsi-hrdlo\/","title":{"rendered":"Uz\u00e1v\u011br pln\u00edc\u00edho hrdla chladi\u010de &#8211; star\u0161\u00ed typ pro v\u011bt\u0161\u00ed hrdlo &#8211; ORIGIN\u00c1L !"},"content":{"rendered":"<p>Origin\u00e1l. Nov\u00fd.<\/p>\n","protected":false},"excerpt":{"rendered":"<p>Origin\u00e1l. Nov\u00fd.<\/p>\n","protected":false},"featured_media":708,"template":"","meta":[],"product_brand":[],"product_cat":[44,55],"product_tag":[],"class_list":{"0":"post-707","1":"product","2":"type-product","3":"status-publish","4":"has-post-thumbnail","6":"product_cat-sytem_chlazeni_topeni","7":"product_cat-volha_21","9":"first","10":"instock","11":"shipping-taxable","12":"purchasable","13":"product-type-simple"},"_links":{"self":[{"href":"https:\/\/nd.gaz69.cz\/en\/wp-json\/wp\/v2\/product\/707","targetHints":{"allow":["GET"]}}],"collection":[{"href":"https:\/\/nd.gaz69.cz\/en\/wp-json\/wp\/v2\/product"}],"about":[{"href":"https:\/\/nd.gaz69.cz\/en\/wp-json\/wp\/v2\/types\/product"}],"wp:featuredmedia":[{"embeddable":true,"href":"https:\/\/nd.gaz69.cz\/en\/wp-json\/wp\/v2\/media\/708"}],"wp:attachment":[{"href":"https:\/\/nd.gaz69.cz\/en\/wp-json\/wp\/v2\/media?parent=707"}],"wp:term":[{"taxonomy":"product_brand","embeddable":true,"href":"https:\/\/nd.gaz69.cz\/en\/wp-json\/wp\/v2\/product_brand?post=707"},{"taxonomy":"product_cat","embeddable":true,"href":"https:\/\/nd.gaz69.cz\/en\/wp-json\/wp\/v2\/product_cat?post=707"},{"taxonomy":"product_tag","embeddable":true,"href":"https:\/\/nd.gaz69.cz\/en\/wp-json\/wp\/v2\/product_tag?post=707"}],"curies":[{"name":"wp","href":"https:\/\/api.w.org\/{rel}","templated":true}]}}