{"id":703,"date":"2024-04-09T12:12:43","date_gmt":"2024-04-09T10:12:43","guid":{"rendered":"https:\/\/nd.gaz69.cz\/?post_type=product&#038;p=703"},"modified":"2025-06-30T09:31:06","modified_gmt":"2025-06-30T07:31:06","slug":"cepy-a-operne-cocky-polokouli-predni-napravy","status":"publish","type":"product","link":"https:\/\/nd.gaz69.cz\/en\/produkt\/cepy-a-operne-cocky-polokouli-predni-napravy\/","title":{"rendered":"\u010cepy a op\u011brn\u00e9 \u010do\u010dky polokoul\u00ed p\u0159edn\u00ed n\u00e1pravy"},"content":{"rendered":"<p>Origin\u00e1l. Nov\u00e9.<\/p>\n<p>Cena je uvedena za 1 komplet pro 1 n\u00e1pravu.<\/p>\n<p>&nbsp;<\/p>\n","protected":false},"excerpt":{"rendered":"<p>Origin\u00e1l. Nov\u00e9. Cena je uvedena za 1 komplet pro 1 n\u00e1pravu. &nbsp;<\/p>\n","protected":false},"featured_media":704,"template":"","meta":[],"product_brand":[],"product_cat":[28],"product_tag":[],"class_list":{"0":"post-703","1":"product","2":"type-product","3":"status-publish","4":"has-post-thumbnail","6":"product_cat-podvozek","8":"first","9":"instock","10":"shipping-taxable","11":"purchasable","12":"product-type-simple"},"_links":{"self":[{"href":"https:\/\/nd.gaz69.cz\/en\/wp-json\/wp\/v2\/product\/703","targetHints":{"allow":["GET"]}}],"collection":[{"href":"https:\/\/nd.gaz69.cz\/en\/wp-json\/wp\/v2\/product"}],"about":[{"href":"https:\/\/nd.gaz69.cz\/en\/wp-json\/wp\/v2\/types\/product"}],"wp:featuredmedia":[{"embeddable":true,"href":"https:\/\/nd.gaz69.cz\/en\/wp-json\/wp\/v2\/media\/704"}],"wp:attachment":[{"href":"https:\/\/nd.gaz69.cz\/en\/wp-json\/wp\/v2\/media?parent=703"}],"wp:term":[{"taxonomy":"product_brand","embeddable":true,"href":"https:\/\/nd.gaz69.cz\/en\/wp-json\/wp\/v2\/product_brand?post=703"},{"taxonomy":"product_cat","embeddable":true,"href":"https:\/\/nd.gaz69.cz\/en\/wp-json\/wp\/v2\/product_cat?post=703"},{"taxonomy":"product_tag","embeddable":true,"href":"https:\/\/nd.gaz69.cz\/en\/wp-json\/wp\/v2\/product_tag?post=703"}],"curies":[{"name":"wp","href":"https:\/\/api.w.org\/{rel}","templated":true}]}}