{"id":652,"date":"2025-10-29T07:06:41","date_gmt":"2025-10-29T06:06:41","guid":{"rendered":"https:\/\/nd.gaz69.cz\/?post_type=product&#038;p=652"},"modified":"2025-10-29T07:35:27","modified_gmt":"2025-10-29T06:35:27","slug":"olejnicka-s-drzakem-do-motoroveho-prostoru","status":"publish","type":"product","link":"https:\/\/nd.gaz69.cz\/en\/produkt\/olejnicka-s-drzakem-do-motoroveho-prostoru\/","title":{"rendered":"Olejni\u010dka s dr\u017e\u00e1kem do motorov\u00e9ho prostoru"},"content":{"rendered":"<p>Analog. Nov\u00e1.<\/p>\n<p>Vyrobeno dle origin\u00e1l proveden\u00ed.<\/p>\n<p>Cena je uvedena za 1 komplet.<\/p>\n","protected":false},"excerpt":{"rendered":"<p>Analog. Nov\u00e1. Vyrobeno dle origin\u00e1l proveden\u00ed. Cena je uvedena za 1 komplet.<\/p>\n","protected":false},"featured_media":653,"template":"","meta":[],"product_brand":[],"product_cat":[33],"product_tag":[],"class_list":{"0":"post-652","1":"product","2":"type-product","3":"status-publish","4":"has-post-thumbnail","6":"product_cat-vybava_naradi_doplnky","8":"first","9":"instock","10":"shipping-taxable","11":"purchasable","12":"product-type-simple"},"_links":{"self":[{"href":"https:\/\/nd.gaz69.cz\/en\/wp-json\/wp\/v2\/product\/652","targetHints":{"allow":["GET"]}}],"collection":[{"href":"https:\/\/nd.gaz69.cz\/en\/wp-json\/wp\/v2\/product"}],"about":[{"href":"https:\/\/nd.gaz69.cz\/en\/wp-json\/wp\/v2\/types\/product"}],"wp:featuredmedia":[{"embeddable":true,"href":"https:\/\/nd.gaz69.cz\/en\/wp-json\/wp\/v2\/media\/653"}],"wp:attachment":[{"href":"https:\/\/nd.gaz69.cz\/en\/wp-json\/wp\/v2\/media?parent=652"}],"wp:term":[{"taxonomy":"product_brand","embeddable":true,"href":"https:\/\/nd.gaz69.cz\/en\/wp-json\/wp\/v2\/product_brand?post=652"},{"taxonomy":"product_cat","embeddable":true,"href":"https:\/\/nd.gaz69.cz\/en\/wp-json\/wp\/v2\/product_cat?post=652"},{"taxonomy":"product_tag","embeddable":true,"href":"https:\/\/nd.gaz69.cz\/en\/wp-json\/wp\/v2\/product_tag?post=652"}],"curies":[{"name":"wp","href":"https:\/\/api.w.org\/{rel}","templated":true}]}}