{"id":624,"date":"2024-05-31T18:13:57","date_gmt":"2024-05-31T16:13:57","guid":{"rendered":"https:\/\/nd.gaz69.cz\/?post_type=product&#038;p=624"},"modified":"2025-06-17T15:01:17","modified_gmt":"2025-06-17T13:01:17","slug":"sklicka-pro-zadni-lampy-starsi-typ","status":"publish","type":"product","link":"https:\/\/nd.gaz69.cz\/en\/produkt\/sklicka-pro-zadni-lampy-starsi-typ\/","title":{"rendered":"Skl\u00ed\u010dka pro zadn\u00ed lampy &#8211; star\u0161\u00ed typ &#8211; ORIGIN\u00c1L !"},"content":{"rendered":"<p>Origin\u00e1l. Nov\u00e9.<\/p>\n<p>Cena je uvedena za 1 p\u00e1r.<\/p>\n","protected":false},"excerpt":{"rendered":"<p>Origin\u00e1l. Nov\u00e9. Cena je uvedena za 1 p\u00e1r.<\/p>\n","protected":false},"featured_media":625,"template":"","meta":[],"product_brand":[],"product_cat":[31],"product_tag":[],"class_list":{"0":"post-624","1":"product","2":"type-product","3":"status-publish","4":"has-post-thumbnail","6":"product_cat-elektricke_casti","8":"first","9":"instock","10":"shipping-taxable","11":"purchasable","12":"product-type-simple"},"_links":{"self":[{"href":"https:\/\/nd.gaz69.cz\/en\/wp-json\/wp\/v2\/product\/624","targetHints":{"allow":["GET"]}}],"collection":[{"href":"https:\/\/nd.gaz69.cz\/en\/wp-json\/wp\/v2\/product"}],"about":[{"href":"https:\/\/nd.gaz69.cz\/en\/wp-json\/wp\/v2\/types\/product"}],"wp:featuredmedia":[{"embeddable":true,"href":"https:\/\/nd.gaz69.cz\/en\/wp-json\/wp\/v2\/media\/625"}],"wp:attachment":[{"href":"https:\/\/nd.gaz69.cz\/en\/wp-json\/wp\/v2\/media?parent=624"}],"wp:term":[{"taxonomy":"product_brand","embeddable":true,"href":"https:\/\/nd.gaz69.cz\/en\/wp-json\/wp\/v2\/product_brand?post=624"},{"taxonomy":"product_cat","embeddable":true,"href":"https:\/\/nd.gaz69.cz\/en\/wp-json\/wp\/v2\/product_cat?post=624"},{"taxonomy":"product_tag","embeddable":true,"href":"https:\/\/nd.gaz69.cz\/en\/wp-json\/wp\/v2\/product_tag?post=624"}],"curies":[{"name":"wp","href":"https:\/\/api.w.org\/{rel}","templated":true}]}}