{"id":607,"date":"2025-06-16T15:17:23","date_gmt":"2025-06-16T13:17:23","guid":{"rendered":"https:\/\/nd.gaz69.cz\/?post_type=product&#038;p=607"},"modified":"2025-06-17T16:14:47","modified_gmt":"2025-06-17T14:14:47","slug":"hadice","status":"publish","type":"product","link":"https:\/\/nd.gaz69.cz\/en\/produkt\/hadice\/","title":{"rendered":"Hadice &#8211; ORIGIN\u00c1L !"},"content":{"rendered":"<p>Origin\u00e1l. Nov\u00e9.<\/p>\n<p>Hadice topen\u00ed 3 kusy.<\/p>\n<p>Hadice vzduchov\u00e9ho filtru 2 kusy.<\/p>\n<p>Kompletn\u00ed sada v\u0161ech u\u017e\u0161\u00edch hadic.<\/p>\n<p>Hadice jsou m\u011bkk\u00e9 a poddajn\u00e9.<\/p>\n<p>Cena je uvedena za kompletn\u00ed sadu 5 kus\u016f.<\/p>\n","protected":false},"excerpt":{"rendered":"<p>Origin\u00e1l. Nov\u00e9. Hadice topen\u00ed 3 kusy. Hadice vzduchov\u00e9ho filtru 2 kusy. Kompletn\u00ed sada v\u0161ech u\u017e\u0161\u00edch hadic. Hadice jsou m\u011bkk\u00e9 a poddajn\u00e9. Cena je uvedena za kompletn\u00ed sadu 5 kus\u016f.<\/p>\n","protected":false},"featured_media":608,"template":"","meta":[],"product_brand":[],"product_cat":[48,18,44],"product_tag":[],"class_list":{"0":"post-607","1":"product","2":"type-product","3":"status-publish","4":"has-post-thumbnail","6":"product_cat-gumove_casti_tesneni_silentbloky","7":"product_cat-motor_spojka_prevodovky","8":"product_cat-sytem_chlazeni_topeni","10":"first","11":"instock","12":"shipping-taxable","13":"purchasable","14":"product-type-simple"},"_links":{"self":[{"href":"https:\/\/nd.gaz69.cz\/en\/wp-json\/wp\/v2\/product\/607","targetHints":{"allow":["GET"]}}],"collection":[{"href":"https:\/\/nd.gaz69.cz\/en\/wp-json\/wp\/v2\/product"}],"about":[{"href":"https:\/\/nd.gaz69.cz\/en\/wp-json\/wp\/v2\/types\/product"}],"wp:featuredmedia":[{"embeddable":true,"href":"https:\/\/nd.gaz69.cz\/en\/wp-json\/wp\/v2\/media\/608"}],"wp:attachment":[{"href":"https:\/\/nd.gaz69.cz\/en\/wp-json\/wp\/v2\/media?parent=607"}],"wp:term":[{"taxonomy":"product_brand","embeddable":true,"href":"https:\/\/nd.gaz69.cz\/en\/wp-json\/wp\/v2\/product_brand?post=607"},{"taxonomy":"product_cat","embeddable":true,"href":"https:\/\/nd.gaz69.cz\/en\/wp-json\/wp\/v2\/product_cat?post=607"},{"taxonomy":"product_tag","embeddable":true,"href":"https:\/\/nd.gaz69.cz\/en\/wp-json\/wp\/v2\/product_tag?post=607"}],"curies":[{"name":"wp","href":"https:\/\/api.w.org\/{rel}","templated":true}]}}