{"id":603,"date":"2024-04-06T16:20:52","date_gmt":"2024-04-06T14:20:52","guid":{"rendered":"https:\/\/nd.gaz69.cz\/?post_type=product&#038;p=603"},"modified":"2026-01-27T16:57:00","modified_gmt":"2026-01-27T15:57:00","slug":"drzak-lopaty","status":"publish","type":"product","link":"https:\/\/nd.gaz69.cz\/en\/produkt\/drzak-lopaty\/","title":{"rendered":"Dr\u017e\u00e1k lopaty"},"content":{"rendered":"<p>Analog. Nov\u00fd.<\/p>\n","protected":false},"excerpt":{"rendered":"<p>Analog. Nov\u00fd.<\/p>\n","protected":false},"featured_media":604,"template":"","meta":[],"product_brand":[],"product_cat":[27,33],"product_tag":[],"class_list":{"0":"post-603","1":"product","2":"type-product","3":"status-publish","4":"has-post-thumbnail","6":"product_cat-karoserie","7":"product_cat-vybava_naradi_doplnky","9":"first","10":"instock","11":"shipping-taxable","12":"purchasable","13":"product-type-simple"},"_links":{"self":[{"href":"https:\/\/nd.gaz69.cz\/en\/wp-json\/wp\/v2\/product\/603","targetHints":{"allow":["GET"]}}],"collection":[{"href":"https:\/\/nd.gaz69.cz\/en\/wp-json\/wp\/v2\/product"}],"about":[{"href":"https:\/\/nd.gaz69.cz\/en\/wp-json\/wp\/v2\/types\/product"}],"wp:featuredmedia":[{"embeddable":true,"href":"https:\/\/nd.gaz69.cz\/en\/wp-json\/wp\/v2\/media\/604"}],"wp:attachment":[{"href":"https:\/\/nd.gaz69.cz\/en\/wp-json\/wp\/v2\/media?parent=603"}],"wp:term":[{"taxonomy":"product_brand","embeddable":true,"href":"https:\/\/nd.gaz69.cz\/en\/wp-json\/wp\/v2\/product_brand?post=603"},{"taxonomy":"product_cat","embeddable":true,"href":"https:\/\/nd.gaz69.cz\/en\/wp-json\/wp\/v2\/product_cat?post=603"},{"taxonomy":"product_tag","embeddable":true,"href":"https:\/\/nd.gaz69.cz\/en\/wp-json\/wp\/v2\/product_tag?post=603"}],"curies":[{"name":"wp","href":"https:\/\/api.w.org\/{rel}","templated":true}]}}