{"id":600,"date":"2024-04-06T16:18:14","date_gmt":"2024-04-06T14:18:14","guid":{"rendered":"https:\/\/nd.gaz69.cz\/?post_type=product&#038;p=600"},"modified":"2025-09-28T08:46:43","modified_gmt":"2025-09-28T06:46:43","slug":"tesneni-mezi-blatniky-a-karoserii","status":"publish","type":"product","link":"https:\/\/nd.gaz69.cz\/en\/produkt\/tesneni-mezi-blatniky-a-karoserii\/","title":{"rendered":"T\u011bsn\u011bn\u00ed mezi blatn\u00edky a karos\u00e9rii"},"content":{"rendered":"<p>Analog. Nov\u00e9.<\/p>\n<p><strong>Cena je uvedena za 1 b\u011b\u017en\u00fd metr.<\/strong><\/p>\n<p><strong>Na cel\u00e9 vozidlo je pot\u0159eba 7 bm. ( Gaz 69, ARO M461 )<\/strong><\/p>\n<p><strong>Pokud chcete t\u011bsn\u011bn\u00ed na cel\u00e9 vozidlo ( Gaz 69, ARO M461, zvolte mno\u017estv\u00ed 7.<\/strong><\/p>\n","protected":false},"excerpt":{"rendered":"<p>Analog. Nov\u00e9. Cena je uvedena za 1 b\u011b\u017en\u00fd metr. Na cel\u00e9 vozidlo je pot\u0159eba 7 bm. ( Gaz 69, ARO M461 ) Pokud chcete t\u011bsn\u011bn\u00ed na cel\u00e9 vozidlo ( Gaz 69, ARO M461, zvolte mno\u017estv\u00ed 7.<\/p>\n","protected":false},"featured_media":4317,"template":"","meta":[],"product_brand":[],"product_cat":[48,54,57],"product_tag":[],"class_list":{"0":"post-600","1":"product","2":"type-product","3":"status-publish","4":"has-post-thumbnail","6":"product_cat-gumove_casti_tesneni_silentbloky","7":"product_cat-uaz_469_uaz_452","8":"product_cat-aro_m461","10":"first","11":"instock","12":"shipping-taxable","13":"purchasable","14":"product-type-simple"},"_links":{"self":[{"href":"https:\/\/nd.gaz69.cz\/en\/wp-json\/wp\/v2\/product\/600","targetHints":{"allow":["GET"]}}],"collection":[{"href":"https:\/\/nd.gaz69.cz\/en\/wp-json\/wp\/v2\/product"}],"about":[{"href":"https:\/\/nd.gaz69.cz\/en\/wp-json\/wp\/v2\/types\/product"}],"wp:featuredmedia":[{"embeddable":true,"href":"https:\/\/nd.gaz69.cz\/en\/wp-json\/wp\/v2\/media\/4317"}],"wp:attachment":[{"href":"https:\/\/nd.gaz69.cz\/en\/wp-json\/wp\/v2\/media?parent=600"}],"wp:term":[{"taxonomy":"product_brand","embeddable":true,"href":"https:\/\/nd.gaz69.cz\/en\/wp-json\/wp\/v2\/product_brand?post=600"},{"taxonomy":"product_cat","embeddable":true,"href":"https:\/\/nd.gaz69.cz\/en\/wp-json\/wp\/v2\/product_cat?post=600"},{"taxonomy":"product_tag","embeddable":true,"href":"https:\/\/nd.gaz69.cz\/en\/wp-json\/wp\/v2\/product_tag?post=600"}],"curies":[{"name":"wp","href":"https:\/\/api.w.org\/{rel}","templated":true}]}}