{"id":594,"date":"2024-04-06T16:03:03","date_gmt":"2024-04-06T14:03:03","guid":{"rendered":"https:\/\/nd.gaz69.cz\/?post_type=product&#038;p=594"},"modified":"2025-08-26T16:16:02","modified_gmt":"2025-08-26T14:16:02","slug":"tesneni-dveri-starsi-typ-profil-sipka","status":"publish","type":"product","link":"https:\/\/nd.gaz69.cz\/en\/produkt\/tesneni-dveri-starsi-typ-profil-sipka\/","title":{"rendered":"T\u011bsn\u011bn\u00ed dve\u0159\u00ed &#8211; star\u0161\u00ed typ &#8211; profil ,, \u0161ipka &#8222;"},"content":{"rendered":"<p>Analog. Nov\u00e9.<\/p>\n<p>Cena je uvedena za 1 b\u011b\u017en\u00fd metr.<\/p>\n<div id=\"tab-description\" class=\"woocommerce-Tabs-panel woocommerce-Tabs-panel--description panel entry-content wc-tab\" role=\"tabpanel\" aria-labelledby=\"tab-title-description\">\n<p><strong>Pro verzi 2 x dve\u0159e, je pot\u0159eba 3 bm.<br \/>\n<\/strong><\/p>\n<p><strong>Pro verzi 4 x dve\u0159e, je pot\u0159eba 6 bm.<\/strong><\/p>\n<p><strong>Pokud chcete t\u011bsn\u011bn\u00ed na cel\u00e9 vozidlo, zvolte mno\u017estv\u00ed bu\u010f to 3 nebo 6 .<\/strong><\/p>\n<\/div>\n","protected":false},"excerpt":{"rendered":"<p>Analog. Nov\u00e9. Cena je uvedena za 1 b\u011b\u017en\u00fd metr. Pro verzi 2 x dve\u0159e, je pot\u0159eba 3 bm. Pro verzi 4 x dve\u0159e, je pot\u0159eba 6 bm. Pokud chcete t\u011bsn\u011bn\u00ed na cel\u00e9 vozidlo, zvolte mno\u017estv\u00ed bu\u010f to 3 nebo 6 .<\/p>\n","protected":false},"featured_media":595,"template":"","meta":[],"product_brand":[],"product_cat":[48,55,57],"product_tag":[],"class_list":{"0":"post-594","1":"product","2":"type-product","3":"status-publish","4":"has-post-thumbnail","6":"product_cat-gumove_casti_tesneni_silentbloky","7":"product_cat-volha_21","8":"product_cat-aro_m461","10":"first","11":"instock","12":"shipping-taxable","13":"purchasable","14":"product-type-simple"},"_links":{"self":[{"href":"https:\/\/nd.gaz69.cz\/en\/wp-json\/wp\/v2\/product\/594","targetHints":{"allow":["GET"]}}],"collection":[{"href":"https:\/\/nd.gaz69.cz\/en\/wp-json\/wp\/v2\/product"}],"about":[{"href":"https:\/\/nd.gaz69.cz\/en\/wp-json\/wp\/v2\/types\/product"}],"wp:featuredmedia":[{"embeddable":true,"href":"https:\/\/nd.gaz69.cz\/en\/wp-json\/wp\/v2\/media\/595"}],"wp:attachment":[{"href":"https:\/\/nd.gaz69.cz\/en\/wp-json\/wp\/v2\/media?parent=594"}],"wp:term":[{"taxonomy":"product_brand","embeddable":true,"href":"https:\/\/nd.gaz69.cz\/en\/wp-json\/wp\/v2\/product_brand?post=594"},{"taxonomy":"product_cat","embeddable":true,"href":"https:\/\/nd.gaz69.cz\/en\/wp-json\/wp\/v2\/product_cat?post=594"},{"taxonomy":"product_tag","embeddable":true,"href":"https:\/\/nd.gaz69.cz\/en\/wp-json\/wp\/v2\/product_tag?post=594"}],"curies":[{"name":"wp","href":"https:\/\/api.w.org\/{rel}","templated":true}]}}