{"id":5395,"date":"2026-04-29T18:44:49","date_gmt":"2026-04-29T16:44:49","guid":{"rendered":"https:\/\/nd.gaz69.cz\/?post_type=product&#038;p=5395"},"modified":"2026-04-29T18:45:07","modified_gmt":"2026-04-29T16:45:07","slug":"spojovaci-material-hledaciho-svetlometu","status":"publish","type":"product","link":"https:\/\/nd.gaz69.cz\/en\/produkt\/spojovaci-material-hledaciho-svetlometu\/","title":{"rendered":"Spojovac\u00ed materi\u00e1l hledac\u00edho sv\u011btlometu"},"content":{"rendered":"<p>Analog. Nov\u00fd.<\/p>\n<p>Cena je uvedena za kompletn\u00ed sadu.<\/p>\n","protected":false},"excerpt":{"rendered":"<p>Analog. Nov\u00fd. Cena je uvedena za kompletn\u00ed sadu.<\/p>\n","protected":false},"featured_media":5391,"template":"","meta":[],"product_brand":[],"product_cat":[31,54,57],"product_tag":[],"class_list":{"0":"post-5395","1":"product","2":"type-product","3":"status-publish","4":"has-post-thumbnail","6":"product_cat-elektricke_casti","7":"product_cat-uaz_469_uaz_452","8":"product_cat-aro_m461","10":"first","11":"instock","12":"shipping-taxable","13":"purchasable","14":"product-type-simple"},"_links":{"self":[{"href":"https:\/\/nd.gaz69.cz\/en\/wp-json\/wp\/v2\/product\/5395","targetHints":{"allow":["GET"]}}],"collection":[{"href":"https:\/\/nd.gaz69.cz\/en\/wp-json\/wp\/v2\/product"}],"about":[{"href":"https:\/\/nd.gaz69.cz\/en\/wp-json\/wp\/v2\/types\/product"}],"wp:featuredmedia":[{"embeddable":true,"href":"https:\/\/nd.gaz69.cz\/en\/wp-json\/wp\/v2\/media\/5391"}],"wp:attachment":[{"href":"https:\/\/nd.gaz69.cz\/en\/wp-json\/wp\/v2\/media?parent=5395"}],"wp:term":[{"taxonomy":"product_brand","embeddable":true,"href":"https:\/\/nd.gaz69.cz\/en\/wp-json\/wp\/v2\/product_brand?post=5395"},{"taxonomy":"product_cat","embeddable":true,"href":"https:\/\/nd.gaz69.cz\/en\/wp-json\/wp\/v2\/product_cat?post=5395"},{"taxonomy":"product_tag","embeddable":true,"href":"https:\/\/nd.gaz69.cz\/en\/wp-json\/wp\/v2\/product_tag?post=5395"}],"curies":[{"name":"wp","href":"https:\/\/api.w.org\/{rel}","templated":true}]}}