{"id":5349,"date":"2026-04-21T14:57:07","date_gmt":"2026-04-21T12:57:07","guid":{"rendered":"https:\/\/nd.gaz69.cz\/?post_type=product&#038;p=5349"},"modified":"2026-04-21T14:57:09","modified_gmt":"2026-04-21T12:57:09","slug":"pruzna-vejirova-podlozka-ozubce-roztaceni-s-vnejsim-ozubenim","status":"publish","type":"product","link":"https:\/\/nd.gaz69.cz\/en\/produkt\/pruzna-vejirova-podlozka-ozubce-roztaceni-s-vnejsim-ozubenim\/","title":{"rendered":"Pru\u017en\u00e1 v\u011bj\u00ed\u0159ov\u00e1 podlo\u017eka ozubce rozt\u00e1\u010den\u00ed s vn\u011bj\u0161\u00edm ozuben\u00edm"},"content":{"rendered":"<p>Analog. Nov\u00e1.<\/p>\n","protected":false},"excerpt":{"rendered":"<p>Analog. Nov\u00e1.<\/p>\n","protected":false},"featured_media":5350,"template":"","meta":[],"product_brand":[],"product_cat":[18,55,56],"product_tag":[],"class_list":{"0":"post-5349","1":"product","2":"type-product","3":"status-publish","4":"has-post-thumbnail","6":"product_cat-motor_spojka_prevodovky","7":"product_cat-volha_21","8":"product_cat-volha_24","10":"first","11":"instock","12":"shipping-taxable","13":"purchasable","14":"product-type-simple"},"_links":{"self":[{"href":"https:\/\/nd.gaz69.cz\/en\/wp-json\/wp\/v2\/product\/5349","targetHints":{"allow":["GET"]}}],"collection":[{"href":"https:\/\/nd.gaz69.cz\/en\/wp-json\/wp\/v2\/product"}],"about":[{"href":"https:\/\/nd.gaz69.cz\/en\/wp-json\/wp\/v2\/types\/product"}],"wp:featuredmedia":[{"embeddable":true,"href":"https:\/\/nd.gaz69.cz\/en\/wp-json\/wp\/v2\/media\/5350"}],"wp:attachment":[{"href":"https:\/\/nd.gaz69.cz\/en\/wp-json\/wp\/v2\/media?parent=5349"}],"wp:term":[{"taxonomy":"product_brand","embeddable":true,"href":"https:\/\/nd.gaz69.cz\/en\/wp-json\/wp\/v2\/product_brand?post=5349"},{"taxonomy":"product_cat","embeddable":true,"href":"https:\/\/nd.gaz69.cz\/en\/wp-json\/wp\/v2\/product_cat?post=5349"},{"taxonomy":"product_tag","embeddable":true,"href":"https:\/\/nd.gaz69.cz\/en\/wp-json\/wp\/v2\/product_tag?post=5349"}],"curies":[{"name":"wp","href":"https:\/\/api.w.org\/{rel}","templated":true}]}}