{"id":534,"date":"2024-04-05T14:36:24","date_gmt":"2024-04-05T12:36:24","guid":{"rendered":"https:\/\/nd.gaz69.cz\/?post_type=product&#038;p=534"},"modified":"2025-08-19T17:49:50","modified_gmt":"2025-08-19T15:49:50","slug":"svorkovnice-5-sroubu","status":"publish","type":"product","link":"https:\/\/nd.gaz69.cz\/en\/produkt\/svorkovnice-5-sroubu\/","title":{"rendered":"Svorkovnice &#8211; 5 \u0161roub\u016f &#8211; ORIGIN\u00c1L !"},"content":{"rendered":"<p>Origin\u00e1l. Nov\u00e1.<\/p>\n","protected":false},"excerpt":{"rendered":"<p>Origin\u00e1l. Nov\u00e1.<\/p>\n","protected":false},"featured_media":535,"template":"","meta":[],"product_brand":[],"product_cat":[31,54,55,56],"product_tag":[],"class_list":{"0":"post-534","1":"product","2":"type-product","3":"status-publish","4":"has-post-thumbnail","6":"product_cat-elektricke_casti","7":"product_cat-uaz_469_uaz_452","8":"product_cat-volha_21","9":"product_cat-volha_24","11":"first","12":"instock","13":"shipping-taxable","14":"purchasable","15":"product-type-simple"},"_links":{"self":[{"href":"https:\/\/nd.gaz69.cz\/en\/wp-json\/wp\/v2\/product\/534","targetHints":{"allow":["GET"]}}],"collection":[{"href":"https:\/\/nd.gaz69.cz\/en\/wp-json\/wp\/v2\/product"}],"about":[{"href":"https:\/\/nd.gaz69.cz\/en\/wp-json\/wp\/v2\/types\/product"}],"wp:featuredmedia":[{"embeddable":true,"href":"https:\/\/nd.gaz69.cz\/en\/wp-json\/wp\/v2\/media\/535"}],"wp:attachment":[{"href":"https:\/\/nd.gaz69.cz\/en\/wp-json\/wp\/v2\/media?parent=534"}],"wp:term":[{"taxonomy":"product_brand","embeddable":true,"href":"https:\/\/nd.gaz69.cz\/en\/wp-json\/wp\/v2\/product_brand?post=534"},{"taxonomy":"product_cat","embeddable":true,"href":"https:\/\/nd.gaz69.cz\/en\/wp-json\/wp\/v2\/product_cat?post=534"},{"taxonomy":"product_tag","embeddable":true,"href":"https:\/\/nd.gaz69.cz\/en\/wp-json\/wp\/v2\/product_tag?post=534"}],"curies":[{"name":"wp","href":"https:\/\/api.w.org\/{rel}","templated":true}]}}