{"id":5327,"date":"2026-04-14T20:34:55","date_gmt":"2026-04-14T18:34:55","guid":{"rendered":"https:\/\/nd.gaz69.cz\/?post_type=product&#038;p=5327"},"modified":"2026-04-14T20:34:56","modified_gmt":"2026-04-14T18:34:56","slug":"narazky-trubkove-konstrukce-gaz-69-gaz-69m-kompletni","status":"publish","type":"product","link":"https:\/\/nd.gaz69.cz\/en\/produkt\/narazky-trubkove-konstrukce-gaz-69-gaz-69m-kompletni\/","title":{"rendered":"Nar\u00e1\u017eky trubkov\u00e9 konstrukce &#8211; Gaz 69, Gaz 69M &#8211; kompletn\u00ed"},"content":{"rendered":"<p>Analog. Nov\u00e9.<\/p>\n<p><strong>Jedn\u00e1 se o kompletn\u00ed sadu na celou, trubkovou konstrukci pod plachtu Gaz 69 &#8211; Gaz 69M ( 3 hlavn\u00ed trubky ).<\/strong><\/p>\n<p><strong>Pokud m\u00e1te hlavn\u00ed trubky 4 ks, ( 50. l\u00e9ta ), uv\u011b\u010fte toto do pozn\u00e1mky v objedn\u00e1vce ( budou p\u0159id\u00e1ny 2 ks nar\u00e1\u017eek + 200,- K\u010d )<\/strong><\/p>\n","protected":false},"excerpt":{"rendered":"<p>Analog. Nov\u00e9. Jedn\u00e1 se o kompletn\u00ed sadu na celou, trubkovou konstrukci pod plachtu Gaz 69 &#8211; Gaz 69M ( 3 hlavn\u00ed trubky ). Pokud m\u00e1te hlavn\u00ed trubky 4 ks, ( 50. l\u00e9ta ), uv\u011b\u010fte toto do pozn\u00e1mky v objedn\u00e1vce ( budou p\u0159id\u00e1ny 2 ks nar\u00e1\u017eek + 200,- K\u010d )<\/p>\n","protected":false},"featured_media":5328,"template":"","meta":[],"product_brand":[],"product_cat":[48,27],"product_tag":[],"class_list":{"0":"post-5327","1":"product","2":"type-product","3":"status-publish","4":"has-post-thumbnail","6":"product_cat-gumove_casti_tesneni_silentbloky","7":"product_cat-karoserie","9":"first","10":"instock","11":"shipping-taxable","12":"purchasable","13":"product-type-simple"},"_links":{"self":[{"href":"https:\/\/nd.gaz69.cz\/en\/wp-json\/wp\/v2\/product\/5327","targetHints":{"allow":["GET"]}}],"collection":[{"href":"https:\/\/nd.gaz69.cz\/en\/wp-json\/wp\/v2\/product"}],"about":[{"href":"https:\/\/nd.gaz69.cz\/en\/wp-json\/wp\/v2\/types\/product"}],"wp:featuredmedia":[{"embeddable":true,"href":"https:\/\/nd.gaz69.cz\/en\/wp-json\/wp\/v2\/media\/5328"}],"wp:attachment":[{"href":"https:\/\/nd.gaz69.cz\/en\/wp-json\/wp\/v2\/media?parent=5327"}],"wp:term":[{"taxonomy":"product_brand","embeddable":true,"href":"https:\/\/nd.gaz69.cz\/en\/wp-json\/wp\/v2\/product_brand?post=5327"},{"taxonomy":"product_cat","embeddable":true,"href":"https:\/\/nd.gaz69.cz\/en\/wp-json\/wp\/v2\/product_cat?post=5327"},{"taxonomy":"product_tag","embeddable":true,"href":"https:\/\/nd.gaz69.cz\/en\/wp-json\/wp\/v2\/product_tag?post=5327"}],"curies":[{"name":"wp","href":"https:\/\/api.w.org\/{rel}","templated":true}]}}