{"id":5291,"date":"2026-04-14T20:04:36","date_gmt":"2026-04-14T18:04:36","guid":{"rendered":"https:\/\/nd.gaz69.cz\/?post_type=product&#038;p=5291"},"modified":"2026-04-14T20:04:39","modified_gmt":"2026-04-14T18:04:39","slug":"drzaky-utocne-pusky-avtomat-kalasnikova","status":"publish","type":"product","link":"https:\/\/nd.gaz69.cz\/en\/produkt\/drzaky-utocne-pusky-avtomat-kalasnikova\/","title":{"rendered":"Dr\u017e\u00e1ky \u00fato\u010dn\u00e9 pu\u0161ky ,, Avtomat Kala\u0161nikova &#8222;"},"content":{"rendered":"<p>Analog. Nov\u00e9.<\/p>\n<p>Vyrobeno dle origin\u00e1l proveden\u00ed.<\/p>\n<p>Cena je uvedena za komplet spodn\u00ed i vrchn\u00ed \u010d\u00e1st.<\/p>\n","protected":false},"excerpt":{"rendered":"<p>Analog. Nov\u00e9. Vyrobeno dle origin\u00e1l proveden\u00ed. Cena je uvedena za komplet spodn\u00ed i vrchn\u00ed \u010d\u00e1st.<\/p>\n","protected":false},"featured_media":5292,"template":"","meta":[],"product_brand":[],"product_cat":[33],"product_tag":[],"class_list":{"0":"post-5291","1":"product","2":"type-product","3":"status-publish","4":"has-post-thumbnail","6":"product_cat-vybava_naradi_doplnky","8":"first","9":"instock","10":"shipping-taxable","11":"purchasable","12":"product-type-simple"},"_links":{"self":[{"href":"https:\/\/nd.gaz69.cz\/en\/wp-json\/wp\/v2\/product\/5291","targetHints":{"allow":["GET"]}}],"collection":[{"href":"https:\/\/nd.gaz69.cz\/en\/wp-json\/wp\/v2\/product"}],"about":[{"href":"https:\/\/nd.gaz69.cz\/en\/wp-json\/wp\/v2\/types\/product"}],"wp:featuredmedia":[{"embeddable":true,"href":"https:\/\/nd.gaz69.cz\/en\/wp-json\/wp\/v2\/media\/5292"}],"wp:attachment":[{"href":"https:\/\/nd.gaz69.cz\/en\/wp-json\/wp\/v2\/media?parent=5291"}],"wp:term":[{"taxonomy":"product_brand","embeddable":true,"href":"https:\/\/nd.gaz69.cz\/en\/wp-json\/wp\/v2\/product_brand?post=5291"},{"taxonomy":"product_cat","embeddable":true,"href":"https:\/\/nd.gaz69.cz\/en\/wp-json\/wp\/v2\/product_cat?post=5291"},{"taxonomy":"product_tag","embeddable":true,"href":"https:\/\/nd.gaz69.cz\/en\/wp-json\/wp\/v2\/product_tag?post=5291"}],"curies":[{"name":"wp","href":"https:\/\/api.w.org\/{rel}","templated":true}]}}