{"id":5282,"date":"2026-04-14T19:56:36","date_gmt":"2026-04-14T17:56:36","guid":{"rendered":"https:\/\/nd.gaz69.cz\/?post_type=product&#038;p=5282"},"modified":"2026-04-14T19:56:36","modified_gmt":"2026-04-14T17:56:36","slug":"narazka-predniho-i-zadniho-pera-s-objimkou-original","status":"publish","type":"product","link":"https:\/\/nd.gaz69.cz\/en\/produkt\/narazka-predniho-i-zadniho-pera-s-objimkou-original\/","title":{"rendered":"Nar\u00e1\u017eka p\u0159edn\u00edho i zadn\u00edho pera s obj\u00edmkou &#8211; ORIGIN\u00c1L !"},"content":{"rendered":"<p>Origin\u00e1l. Nov\u00e1.<\/p>\n<p>Cena je uvedena za komplet na foto.<\/p>\n","protected":false},"excerpt":{"rendered":"<p>Origin\u00e1l. Nov\u00e1. Cena je uvedena za komplet na foto.<\/p>\n","protected":false},"featured_media":5283,"template":"","meta":[],"product_brand":[],"product_cat":[28],"product_tag":[],"class_list":{"0":"post-5282","1":"product","2":"type-product","3":"status-publish","4":"has-post-thumbnail","6":"product_cat-podvozek","8":"first","9":"instock","10":"shipping-taxable","11":"purchasable","12":"product-type-simple"},"_links":{"self":[{"href":"https:\/\/nd.gaz69.cz\/en\/wp-json\/wp\/v2\/product\/5282","targetHints":{"allow":["GET"]}}],"collection":[{"href":"https:\/\/nd.gaz69.cz\/en\/wp-json\/wp\/v2\/product"}],"about":[{"href":"https:\/\/nd.gaz69.cz\/en\/wp-json\/wp\/v2\/types\/product"}],"wp:featuredmedia":[{"embeddable":true,"href":"https:\/\/nd.gaz69.cz\/en\/wp-json\/wp\/v2\/media\/5283"}],"wp:attachment":[{"href":"https:\/\/nd.gaz69.cz\/en\/wp-json\/wp\/v2\/media?parent=5282"}],"wp:term":[{"taxonomy":"product_brand","embeddable":true,"href":"https:\/\/nd.gaz69.cz\/en\/wp-json\/wp\/v2\/product_brand?post=5282"},{"taxonomy":"product_cat","embeddable":true,"href":"https:\/\/nd.gaz69.cz\/en\/wp-json\/wp\/v2\/product_cat?post=5282"},{"taxonomy":"product_tag","embeddable":true,"href":"https:\/\/nd.gaz69.cz\/en\/wp-json\/wp\/v2\/product_tag?post=5282"}],"curies":[{"name":"wp","href":"https:\/\/api.w.org\/{rel}","templated":true}]}}