{"id":5218,"date":"2026-03-31T11:55:03","date_gmt":"2026-03-31T09:55:03","guid":{"rendered":"https:\/\/nd.gaz69.cz\/?post_type=product&#038;p=5218"},"modified":"2026-03-31T11:55:05","modified_gmt":"2026-03-31T09:55:05","slug":"mechanizmus-steracu-uaz-469","status":"publish","type":"product","link":"https:\/\/nd.gaz69.cz\/en\/produkt\/mechanizmus-steracu-uaz-469\/","title":{"rendered":"Mechanizmus st\u011bra\u010d\u016f &#8211; Uaz 469"},"content":{"rendered":"<p>Analog. Nov\u00fd.<\/p>\n<p>Cena je uvedena za cel\u00fd komplet .<\/p>\n","protected":false},"excerpt":{"rendered":"<p>Analog. Nov\u00fd. Cena je uvedena za cel\u00fd komplet .<\/p>\n","protected":false},"featured_media":5219,"template":"","meta":[],"product_brand":[],"product_cat":[54],"product_tag":[],"class_list":{"0":"post-5218","1":"product","2":"type-product","3":"status-publish","4":"has-post-thumbnail","6":"product_cat-uaz_469_uaz_452","8":"first","9":"instock","10":"shipping-taxable","11":"purchasable","12":"product-type-simple"},"_links":{"self":[{"href":"https:\/\/nd.gaz69.cz\/en\/wp-json\/wp\/v2\/product\/5218","targetHints":{"allow":["GET"]}}],"collection":[{"href":"https:\/\/nd.gaz69.cz\/en\/wp-json\/wp\/v2\/product"}],"about":[{"href":"https:\/\/nd.gaz69.cz\/en\/wp-json\/wp\/v2\/types\/product"}],"wp:featuredmedia":[{"embeddable":true,"href":"https:\/\/nd.gaz69.cz\/en\/wp-json\/wp\/v2\/media\/5219"}],"wp:attachment":[{"href":"https:\/\/nd.gaz69.cz\/en\/wp-json\/wp\/v2\/media?parent=5218"}],"wp:term":[{"taxonomy":"product_brand","embeddable":true,"href":"https:\/\/nd.gaz69.cz\/en\/wp-json\/wp\/v2\/product_brand?post=5218"},{"taxonomy":"product_cat","embeddable":true,"href":"https:\/\/nd.gaz69.cz\/en\/wp-json\/wp\/v2\/product_cat?post=5218"},{"taxonomy":"product_tag","embeddable":true,"href":"https:\/\/nd.gaz69.cz\/en\/wp-json\/wp\/v2\/product_tag?post=5218"}],"curies":[{"name":"wp","href":"https:\/\/api.w.org\/{rel}","templated":true}]}}