{"id":5215,"date":"2026-03-31T11:52:36","date_gmt":"2026-03-31T09:52:36","guid":{"rendered":"https:\/\/nd.gaz69.cz\/?post_type=product&#038;p=5215"},"modified":"2026-03-31T11:52:37","modified_gmt":"2026-03-31T09:52:37","slug":"bazkontaktni-zapalovani-uaz-452-uaz-469-volha","status":"publish","type":"product","link":"https:\/\/nd.gaz69.cz\/en\/produkt\/bazkontaktni-zapalovani-uaz-452-uaz-469-volha\/","title":{"rendered":"Bazkontaktn\u00ed zapalov\u00e1n\u00ed &#8211; Uaz 452, Uaz 469, Volha"},"content":{"rendered":"<p>Analog. Nov\u00e9.<\/p>\n<p>Cena je uvedena za cel\u00fd komplet.<\/p>\n","protected":false},"excerpt":{"rendered":"<p>Analog. Nov\u00e9. Cena je uvedena za cel\u00fd komplet.<\/p>\n","protected":false},"featured_media":5216,"template":"","meta":[],"product_brand":[],"product_cat":[54,55,56],"product_tag":[],"class_list":{"0":"post-5215","1":"product","2":"type-product","3":"status-publish","4":"has-post-thumbnail","6":"product_cat-uaz_469_uaz_452","7":"product_cat-volha_21","8":"product_cat-volha_24","10":"first","11":"instock","12":"shipping-taxable","13":"purchasable","14":"product-type-simple"},"_links":{"self":[{"href":"https:\/\/nd.gaz69.cz\/en\/wp-json\/wp\/v2\/product\/5215","targetHints":{"allow":["GET"]}}],"collection":[{"href":"https:\/\/nd.gaz69.cz\/en\/wp-json\/wp\/v2\/product"}],"about":[{"href":"https:\/\/nd.gaz69.cz\/en\/wp-json\/wp\/v2\/types\/product"}],"wp:featuredmedia":[{"embeddable":true,"href":"https:\/\/nd.gaz69.cz\/en\/wp-json\/wp\/v2\/media\/5216"}],"wp:attachment":[{"href":"https:\/\/nd.gaz69.cz\/en\/wp-json\/wp\/v2\/media?parent=5215"}],"wp:term":[{"taxonomy":"product_brand","embeddable":true,"href":"https:\/\/nd.gaz69.cz\/en\/wp-json\/wp\/v2\/product_brand?post=5215"},{"taxonomy":"product_cat","embeddable":true,"href":"https:\/\/nd.gaz69.cz\/en\/wp-json\/wp\/v2\/product_cat?post=5215"},{"taxonomy":"product_tag","embeddable":true,"href":"https:\/\/nd.gaz69.cz\/en\/wp-json\/wp\/v2\/product_tag?post=5215"}],"curies":[{"name":"wp","href":"https:\/\/api.w.org\/{rel}","templated":true}]}}