{"id":5208,"date":"2026-03-31T11:47:47","date_gmt":"2026-03-31T09:47:47","guid":{"rendered":"https:\/\/nd.gaz69.cz\/?post_type=product&#038;p=5208"},"modified":"2026-03-31T11:48:26","modified_gmt":"2026-03-31T09:48:26","slug":"svisle-cepy-polokouli-predni-napravy-s-pouzdrem-uaz-452-uaz-469","status":"publish","type":"product","link":"https:\/\/nd.gaz69.cz\/en\/produkt\/svisle-cepy-polokouli-predni-napravy-s-pouzdrem-uaz-452-uaz-469\/","title":{"rendered":"Svisl\u00e9 \u010depy polokoul\u00ed p\u0159edn\u00ed n\u00e1pravy s pouzdrem &#8211; Uaz 452, Uaz 469"},"content":{"rendered":"<p>Analog. Nov\u00e9.<\/p>\n<p>Cena je uvedena za kompletn\u00ed sadu 4 ks.<\/p>\n","protected":false},"excerpt":{"rendered":"<p>Analog. Nov\u00e9. Cena je uvedena za kompletn\u00ed sadu 4 ks.<\/p>\n","protected":false},"featured_media":5210,"template":"","meta":[],"product_brand":[],"product_cat":[54],"product_tag":[],"class_list":{"0":"post-5208","1":"product","2":"type-product","3":"status-publish","4":"has-post-thumbnail","6":"product_cat-uaz_469_uaz_452","8":"first","9":"instock","10":"shipping-taxable","11":"purchasable","12":"product-type-simple"},"_links":{"self":[{"href":"https:\/\/nd.gaz69.cz\/en\/wp-json\/wp\/v2\/product\/5208","targetHints":{"allow":["GET"]}}],"collection":[{"href":"https:\/\/nd.gaz69.cz\/en\/wp-json\/wp\/v2\/product"}],"about":[{"href":"https:\/\/nd.gaz69.cz\/en\/wp-json\/wp\/v2\/types\/product"}],"wp:featuredmedia":[{"embeddable":true,"href":"https:\/\/nd.gaz69.cz\/en\/wp-json\/wp\/v2\/media\/5210"}],"wp:attachment":[{"href":"https:\/\/nd.gaz69.cz\/en\/wp-json\/wp\/v2\/media?parent=5208"}],"wp:term":[{"taxonomy":"product_brand","embeddable":true,"href":"https:\/\/nd.gaz69.cz\/en\/wp-json\/wp\/v2\/product_brand?post=5208"},{"taxonomy":"product_cat","embeddable":true,"href":"https:\/\/nd.gaz69.cz\/en\/wp-json\/wp\/v2\/product_cat?post=5208"},{"taxonomy":"product_tag","embeddable":true,"href":"https:\/\/nd.gaz69.cz\/en\/wp-json\/wp\/v2\/product_tag?post=5208"}],"curies":[{"name":"wp","href":"https:\/\/api.w.org\/{rel}","templated":true}]}}