{"id":5191,"date":"2026-03-31T11:26:30","date_gmt":"2026-03-31T09:26:30","guid":{"rendered":"https:\/\/nd.gaz69.cz\/?post_type=product&#038;p=5191"},"modified":"2026-03-31T11:26:31","modified_gmt":"2026-03-31T09:26:31","slug":"hlavni-brzdovy-valec-dvouokruhovy-1-nadrz-uaz-452-uaz-469-hunter","status":"publish","type":"product","link":"https:\/\/nd.gaz69.cz\/en\/produkt\/hlavni-brzdovy-valec-dvouokruhovy-1-nadrz-uaz-452-uaz-469-hunter\/","title":{"rendered":"Hlavn\u00ed brzdov\u00fd v\u00e1lec &#8211; dvouokruhov\u00fd &#8211; 1 n\u00e1dr\u017e &#8211; Uaz 452, Uaz 469 &#8211; Hunter"},"content":{"rendered":"<p>Analog. Nov\u00fd.<\/p>\n","protected":false},"excerpt":{"rendered":"<p>Analog. Nov\u00fd.<\/p>\n","protected":false},"featured_media":5192,"template":"","meta":[],"product_brand":[],"product_cat":[54],"product_tag":[],"class_list":{"0":"post-5191","1":"product","2":"type-product","3":"status-publish","4":"has-post-thumbnail","6":"product_cat-uaz_469_uaz_452","8":"first","9":"instock","10":"shipping-taxable","11":"purchasable","12":"product-type-simple"},"_links":{"self":[{"href":"https:\/\/nd.gaz69.cz\/en\/wp-json\/wp\/v2\/product\/5191","targetHints":{"allow":["GET"]}}],"collection":[{"href":"https:\/\/nd.gaz69.cz\/en\/wp-json\/wp\/v2\/product"}],"about":[{"href":"https:\/\/nd.gaz69.cz\/en\/wp-json\/wp\/v2\/types\/product"}],"wp:featuredmedia":[{"embeddable":true,"href":"https:\/\/nd.gaz69.cz\/en\/wp-json\/wp\/v2\/media\/5192"}],"wp:attachment":[{"href":"https:\/\/nd.gaz69.cz\/en\/wp-json\/wp\/v2\/media?parent=5191"}],"wp:term":[{"taxonomy":"product_brand","embeddable":true,"href":"https:\/\/nd.gaz69.cz\/en\/wp-json\/wp\/v2\/product_brand?post=5191"},{"taxonomy":"product_cat","embeddable":true,"href":"https:\/\/nd.gaz69.cz\/en\/wp-json\/wp\/v2\/product_cat?post=5191"},{"taxonomy":"product_tag","embeddable":true,"href":"https:\/\/nd.gaz69.cz\/en\/wp-json\/wp\/v2\/product_tag?post=5191"}],"curies":[{"name":"wp","href":"https:\/\/api.w.org\/{rel}","templated":true}]}}