{"id":5137,"date":"2026-03-12T09:26:59","date_gmt":"2026-03-12T08:26:59","guid":{"rendered":"https:\/\/nd.gaz69.cz\/?post_type=product&#038;p=5137"},"modified":"2026-03-12T09:28:23","modified_gmt":"2026-03-12T08:28:23","slug":"karburator-jikov-sop-40-ozn-3186-novy","status":"publish","type":"product","link":"https:\/\/nd.gaz69.cz\/en\/produkt\/karburator-jikov-sop-40-ozn-3186-novy\/","title":{"rendered":"Karbur\u00e1tor JIKOV SOP 40 &#8211; ozn. 3186 &#8211; ORIGIN\u00c1L !"},"content":{"rendered":"<p>Origin\u00e1l. Nov\u00fd.<\/p>\n<p>\u010cesk\u00e1 n\u00e1hrada za origin\u00e1l karbur\u00e1tor. Lze pou\u017e\u00edt i na motor \u017duk.<\/p>\n<p>Tento karbur\u00e1tor je zn\u00e1m\u00fd pro svou n\u00edzkou spot\u0159ebu.<\/p>\n","protected":false},"excerpt":{"rendered":"<p>Origin\u00e1l. Nov\u00fd. \u010cesk\u00e1 n\u00e1hrada za origin\u00e1l karbur\u00e1tor. Lze pou\u017e\u00edt i na motor \u017duk. Tento karbur\u00e1tor je zn\u00e1m\u00fd pro svou n\u00edzkou spot\u0159ebu.<\/p>\n","protected":false},"featured_media":5139,"template":"","meta":[],"product_brand":[],"product_cat":[47],"product_tag":[],"class_list":{"0":"post-5137","1":"product","2":"type-product","3":"status-publish","4":"has-post-thumbnail","6":"product_cat-system_paliva","8":"first","9":"instock","10":"shipping-taxable","11":"purchasable","12":"product-type-simple"},"_links":{"self":[{"href":"https:\/\/nd.gaz69.cz\/en\/wp-json\/wp\/v2\/product\/5137","targetHints":{"allow":["GET"]}}],"collection":[{"href":"https:\/\/nd.gaz69.cz\/en\/wp-json\/wp\/v2\/product"}],"about":[{"href":"https:\/\/nd.gaz69.cz\/en\/wp-json\/wp\/v2\/types\/product"}],"wp:featuredmedia":[{"embeddable":true,"href":"https:\/\/nd.gaz69.cz\/en\/wp-json\/wp\/v2\/media\/5139"}],"wp:attachment":[{"href":"https:\/\/nd.gaz69.cz\/en\/wp-json\/wp\/v2\/media?parent=5137"}],"wp:term":[{"taxonomy":"product_brand","embeddable":true,"href":"https:\/\/nd.gaz69.cz\/en\/wp-json\/wp\/v2\/product_brand?post=5137"},{"taxonomy":"product_cat","embeddable":true,"href":"https:\/\/nd.gaz69.cz\/en\/wp-json\/wp\/v2\/product_cat?post=5137"},{"taxonomy":"product_tag","embeddable":true,"href":"https:\/\/nd.gaz69.cz\/en\/wp-json\/wp\/v2\/product_tag?post=5137"}],"curies":[{"name":"wp","href":"https:\/\/api.w.org\/{rel}","templated":true}]}}