{"id":5101,"date":"2026-03-07T09:38:50","date_gmt":"2026-03-07T08:38:50","guid":{"rendered":"https:\/\/nd.gaz69.cz\/?post_type=product&#038;p=5101"},"modified":"2026-03-07T09:38:50","modified_gmt":"2026-03-07T08:38:50","slug":"karburator-k-124d-original","status":"publish","type":"product","link":"https:\/\/nd.gaz69.cz\/en\/produkt\/karburator-k-124d-original\/","title":{"rendered":"Karbur\u00e1tor K 124D &#8211; ORIGIN\u00c1L !"},"content":{"rendered":"<p>Origin\u00e1l. Nov\u00fd. Nepou\u017eit\u00fd !<\/p>\n<p><strong>Karbur\u00e1tor je kompletn\u011b p\u0159et\u011bsn\u011bn nov\u00fdm t\u011bsn\u011bn\u00edm, kter\u00e9 je odoln\u00e9 dne\u0161n\u00edmu benz\u00ednu ( spodn\u00ed t\u011bsn\u011bn\u00ed, vrchn\u00ed t\u011bsn\u011bn\u00ed, t\u011bsn\u011bn\u00ed okna ).<\/strong><\/p>\n<p><strong>Jehla karbur\u00e1toru je osazena nov\u00fdm uzav\u00edrac\u00edm krou\u017ekem, kter\u00fd odoln\u00fd dne\u0161n\u00edmu benz\u00ednu.<\/strong><\/p>\n<p><strong>Nejlep\u0161\u00ed volba pro origin\u00e1l, spodov\u00fd motor Gaz 69 !<\/strong><\/p>\n","protected":false},"excerpt":{"rendered":"<p>Origin\u00e1l. Nov\u00fd. Nepou\u017eit\u00fd ! Karbur\u00e1tor je kompletn\u011b p\u0159et\u011bsn\u011bn nov\u00fdm t\u011bsn\u011bn\u00edm, kter\u00e9 je odoln\u00e9 dne\u0161n\u00edmu benz\u00ednu ( spodn\u00ed t\u011bsn\u011bn\u00ed, vrchn\u00ed t\u011bsn\u011bn\u00ed, t\u011bsn\u011bn\u00ed okna ). Jehla karbur\u00e1toru je osazena nov\u00fdm uzav\u00edrac\u00edm krou\u017ekem, kter\u00fd odoln\u00fd dne\u0161n\u00edmu benz\u00ednu. Nejlep\u0161\u00ed volba pro origin\u00e1l, spodov\u00fd motor Gaz 69 !<\/p>\n","protected":false},"featured_media":5102,"template":"","meta":[],"product_brand":[],"product_cat":[47],"product_tag":[],"class_list":{"0":"post-5101","1":"product","2":"type-product","3":"status-publish","4":"has-post-thumbnail","6":"product_cat-system_paliva","8":"first","9":"instock","10":"shipping-taxable","11":"purchasable","12":"product-type-simple"},"_links":{"self":[{"href":"https:\/\/nd.gaz69.cz\/en\/wp-json\/wp\/v2\/product\/5101","targetHints":{"allow":["GET"]}}],"collection":[{"href":"https:\/\/nd.gaz69.cz\/en\/wp-json\/wp\/v2\/product"}],"about":[{"href":"https:\/\/nd.gaz69.cz\/en\/wp-json\/wp\/v2\/types\/product"}],"wp:featuredmedia":[{"embeddable":true,"href":"https:\/\/nd.gaz69.cz\/en\/wp-json\/wp\/v2\/media\/5102"}],"wp:attachment":[{"href":"https:\/\/nd.gaz69.cz\/en\/wp-json\/wp\/v2\/media?parent=5101"}],"wp:term":[{"taxonomy":"product_brand","embeddable":true,"href":"https:\/\/nd.gaz69.cz\/en\/wp-json\/wp\/v2\/product_brand?post=5101"},{"taxonomy":"product_cat","embeddable":true,"href":"https:\/\/nd.gaz69.cz\/en\/wp-json\/wp\/v2\/product_cat?post=5101"},{"taxonomy":"product_tag","embeddable":true,"href":"https:\/\/nd.gaz69.cz\/en\/wp-json\/wp\/v2\/product_tag?post=5101"}],"curies":[{"name":"wp","href":"https:\/\/api.w.org\/{rel}","templated":true}]}}