{"id":5082,"date":"2026-03-04T18:14:09","date_gmt":"2026-03-04T17:14:09","guid":{"rendered":"https:\/\/nd.gaz69.cz\/?post_type=product&#038;p=5082"},"modified":"2026-03-04T18:14:09","modified_gmt":"2026-03-04T17:14:09","slug":"odkalovac-paliva-original","status":"publish","type":"product","link":"https:\/\/nd.gaz69.cz\/en\/produkt\/odkalovac-paliva-original\/","title":{"rendered":"Odkalova\u010d paliva &#8211; ORIGIN\u00c1L !"},"content":{"rendered":"<p>Origin\u00e1l. Nov\u00fd.<\/p>\n","protected":false},"excerpt":{"rendered":"<p>Origin\u00e1l. Nov\u00fd.<\/p>\n","protected":false},"featured_media":5083,"template":"","meta":[],"product_brand":[],"product_cat":[47,54,55,56],"product_tag":[],"class_list":{"0":"post-5082","1":"product","2":"type-product","3":"status-publish","4":"has-post-thumbnail","6":"product_cat-system_paliva","7":"product_cat-uaz_469_uaz_452","8":"product_cat-volha_21","9":"product_cat-volha_24","11":"first","12":"instock","13":"shipping-taxable","14":"purchasable","15":"product-type-simple"},"_links":{"self":[{"href":"https:\/\/nd.gaz69.cz\/en\/wp-json\/wp\/v2\/product\/5082","targetHints":{"allow":["GET"]}}],"collection":[{"href":"https:\/\/nd.gaz69.cz\/en\/wp-json\/wp\/v2\/product"}],"about":[{"href":"https:\/\/nd.gaz69.cz\/en\/wp-json\/wp\/v2\/types\/product"}],"wp:featuredmedia":[{"embeddable":true,"href":"https:\/\/nd.gaz69.cz\/en\/wp-json\/wp\/v2\/media\/5083"}],"wp:attachment":[{"href":"https:\/\/nd.gaz69.cz\/en\/wp-json\/wp\/v2\/media?parent=5082"}],"wp:term":[{"taxonomy":"product_brand","embeddable":true,"href":"https:\/\/nd.gaz69.cz\/en\/wp-json\/wp\/v2\/product_brand?post=5082"},{"taxonomy":"product_cat","embeddable":true,"href":"https:\/\/nd.gaz69.cz\/en\/wp-json\/wp\/v2\/product_cat?post=5082"},{"taxonomy":"product_tag","embeddable":true,"href":"https:\/\/nd.gaz69.cz\/en\/wp-json\/wp\/v2\/product_tag?post=5082"}],"curies":[{"name":"wp","href":"https:\/\/api.w.org\/{rel}","templated":true}]}}