{"id":5070,"date":"2026-03-04T18:06:51","date_gmt":"2026-03-04T17:06:51","guid":{"rendered":"https:\/\/nd.gaz69.cz\/?post_type=product&#038;p=5070"},"modified":"2026-03-04T18:06:51","modified_gmt":"2026-03-04T17:06:51","slug":"merka-oleje-uaz-volha-original","status":"publish","type":"product","link":"https:\/\/nd.gaz69.cz\/en\/produkt\/merka-oleje-uaz-volha-original\/","title":{"rendered":"M\u011brka oleje &#8211; Uaz, Volha &#8211; ORIGIN\u00c1L !"},"content":{"rendered":"<p>Origin\u00e1l. Nov\u00e1.<\/p>\n","protected":false},"excerpt":{"rendered":"<p>Origin\u00e1l. Nov\u00e1.<\/p>\n","protected":false},"featured_media":5071,"template":"","meta":[],"product_brand":[],"product_cat":[54,55,56],"product_tag":[],"class_list":{"0":"post-5070","1":"product","2":"type-product","3":"status-publish","4":"has-post-thumbnail","6":"product_cat-uaz_469_uaz_452","7":"product_cat-volha_21","8":"product_cat-volha_24","10":"first","11":"instock","12":"shipping-taxable","13":"purchasable","14":"product-type-simple"},"_links":{"self":[{"href":"https:\/\/nd.gaz69.cz\/en\/wp-json\/wp\/v2\/product\/5070","targetHints":{"allow":["GET"]}}],"collection":[{"href":"https:\/\/nd.gaz69.cz\/en\/wp-json\/wp\/v2\/product"}],"about":[{"href":"https:\/\/nd.gaz69.cz\/en\/wp-json\/wp\/v2\/types\/product"}],"wp:featuredmedia":[{"embeddable":true,"href":"https:\/\/nd.gaz69.cz\/en\/wp-json\/wp\/v2\/media\/5071"}],"wp:attachment":[{"href":"https:\/\/nd.gaz69.cz\/en\/wp-json\/wp\/v2\/media?parent=5070"}],"wp:term":[{"taxonomy":"product_brand","embeddable":true,"href":"https:\/\/nd.gaz69.cz\/en\/wp-json\/wp\/v2\/product_brand?post=5070"},{"taxonomy":"product_cat","embeddable":true,"href":"https:\/\/nd.gaz69.cz\/en\/wp-json\/wp\/v2\/product_cat?post=5070"},{"taxonomy":"product_tag","embeddable":true,"href":"https:\/\/nd.gaz69.cz\/en\/wp-json\/wp\/v2\/product_tag?post=5070"}],"curies":[{"name":"wp","href":"https:\/\/api.w.org\/{rel}","templated":true}]}}