{"id":4951,"date":"2026-02-07T18:23:02","date_gmt":"2026-02-07T17:23:02","guid":{"rendered":"https:\/\/nd.gaz69.cz\/?post_type=product&#038;p=4951"},"modified":"2026-02-07T18:26:49","modified_gmt":"2026-02-07T17:26:49","slug":"tesneni-zadniho-cela","status":"publish","type":"product","link":"https:\/\/nd.gaz69.cz\/en\/produkt\/tesneni-zadniho-cela\/","title":{"rendered":"T\u011bsn\u011bn\u00ed zadn\u00edho \u010dela"},"content":{"rendered":"<p>Analog. Nov\u00e9.<\/p>\n<p>Cena je uvedena za 1 komplet na 1 zadn\u00ed \u010delo.<\/p>\n<p><strong>Lze pou\u017e\u00edt i pro Uaz 469 a ARO M461.<\/strong><\/p>\n","protected":false},"excerpt":{"rendered":"<p>Analog. Nov\u00e9. Cena je uvedena za 1 komplet na 1 zadn\u00ed \u010delo. Lze pou\u017e\u00edt i pro Uaz 469 a ARO M461.<\/p>\n","protected":false},"featured_media":4953,"template":"","meta":[],"product_brand":[],"product_cat":[48,54,57],"product_tag":[],"class_list":{"0":"post-4951","1":"product","2":"type-product","3":"status-publish","4":"has-post-thumbnail","6":"product_cat-gumove_casti_tesneni_silentbloky","7":"product_cat-uaz_469_uaz_452","8":"product_cat-aro_m461","10":"first","11":"instock","12":"shipping-taxable","13":"purchasable","14":"product-type-simple"},"_links":{"self":[{"href":"https:\/\/nd.gaz69.cz\/en\/wp-json\/wp\/v2\/product\/4951","targetHints":{"allow":["GET"]}}],"collection":[{"href":"https:\/\/nd.gaz69.cz\/en\/wp-json\/wp\/v2\/product"}],"about":[{"href":"https:\/\/nd.gaz69.cz\/en\/wp-json\/wp\/v2\/types\/product"}],"wp:featuredmedia":[{"embeddable":true,"href":"https:\/\/nd.gaz69.cz\/en\/wp-json\/wp\/v2\/media\/4953"}],"wp:attachment":[{"href":"https:\/\/nd.gaz69.cz\/en\/wp-json\/wp\/v2\/media?parent=4951"}],"wp:term":[{"taxonomy":"product_brand","embeddable":true,"href":"https:\/\/nd.gaz69.cz\/en\/wp-json\/wp\/v2\/product_brand?post=4951"},{"taxonomy":"product_cat","embeddable":true,"href":"https:\/\/nd.gaz69.cz\/en\/wp-json\/wp\/v2\/product_cat?post=4951"},{"taxonomy":"product_tag","embeddable":true,"href":"https:\/\/nd.gaz69.cz\/en\/wp-json\/wp\/v2\/product_tag?post=4951"}],"curies":[{"name":"wp","href":"https:\/\/api.w.org\/{rel}","templated":true}]}}