{"id":4877,"date":"2026-02-02T17:19:38","date_gmt":"2026-02-02T16:19:38","guid":{"rendered":"https:\/\/nd.gaz69.cz\/?post_type=product&#038;p=4877"},"modified":"2026-02-02T17:26:22","modified_gmt":"2026-02-02T16:26:22","slug":"celta-nositek-original","status":"publish","type":"product","link":"https:\/\/nd.gaz69.cz\/en\/produkt\/celta-nositek-original\/","title":{"rendered":"Celta nos\u00edtek &#8211; ORIGIN\u00c1L !"},"content":{"rendered":"<p>Origin\u00e1l. Nov\u00e1.<\/p>\n<p><strong>Nese drobn\u00e9 zn\u00e1mky skladov\u00e1n\u00ed. Jedn\u00e1 se o samotnou celtu nos\u00edtek, nikoliv o kompletn\u00ed nos\u00edtka.<\/strong><\/p>\n","protected":false},"excerpt":{"rendered":"<p>Origin\u00e1l. Nov\u00e1. Nese drobn\u00e9 zn\u00e1mky skladov\u00e1n\u00ed. Jedn\u00e1 se o samotnou celtu nos\u00edtek, nikoliv o kompletn\u00ed nos\u00edtka.<\/p>\n","protected":false},"featured_media":4886,"template":"","meta":[],"product_brand":[],"product_cat":[33],"product_tag":[],"class_list":{"0":"post-4877","1":"product","2":"type-product","3":"status-publish","4":"has-post-thumbnail","6":"product_cat-vybava_naradi_doplnky","8":"first","9":"instock","10":"shipping-taxable","11":"purchasable","12":"product-type-simple"},"_links":{"self":[{"href":"https:\/\/nd.gaz69.cz\/en\/wp-json\/wp\/v2\/product\/4877","targetHints":{"allow":["GET"]}}],"collection":[{"href":"https:\/\/nd.gaz69.cz\/en\/wp-json\/wp\/v2\/product"}],"about":[{"href":"https:\/\/nd.gaz69.cz\/en\/wp-json\/wp\/v2\/types\/product"}],"wp:featuredmedia":[{"embeddable":true,"href":"https:\/\/nd.gaz69.cz\/en\/wp-json\/wp\/v2\/media\/4886"}],"wp:attachment":[{"href":"https:\/\/nd.gaz69.cz\/en\/wp-json\/wp\/v2\/media?parent=4877"}],"wp:term":[{"taxonomy":"product_brand","embeddable":true,"href":"https:\/\/nd.gaz69.cz\/en\/wp-json\/wp\/v2\/product_brand?post=4877"},{"taxonomy":"product_cat","embeddable":true,"href":"https:\/\/nd.gaz69.cz\/en\/wp-json\/wp\/v2\/product_cat?post=4877"},{"taxonomy":"product_tag","embeddable":true,"href":"https:\/\/nd.gaz69.cz\/en\/wp-json\/wp\/v2\/product_tag?post=4877"}],"curies":[{"name":"wp","href":"https:\/\/api.w.org\/{rel}","templated":true}]}}