{"id":4838,"date":"2026-01-27T16:14:23","date_gmt":"2026-01-27T15:14:23","guid":{"rendered":"https:\/\/nd.gaz69.cz\/?post_type=product&#038;p=4838"},"modified":"2026-01-27T16:53:14","modified_gmt":"2026-01-27T15:53:14","slug":"plechova-lekarnicka-bila-original","status":"publish","type":"product","link":"https:\/\/nd.gaz69.cz\/en\/produkt\/plechova-lekarnicka-bila-original\/","title":{"rendered":"Plechov\u00e1 l\u00e9k\u00e1rni\u010dka &#8211; b\u00edl\u00e1 &#8211; ORIGIN\u00c1L !"},"content":{"rendered":"<p>Origin\u00e1l. Nese zn\u00e1mky skladov\u00e1n\u00ed.<\/p>\n","protected":false},"excerpt":{"rendered":"<p>Origin\u00e1l. Nese zn\u00e1mky skladov\u00e1n\u00ed.<\/p>\n","protected":false},"featured_media":4839,"template":"","meta":[],"product_brand":[],"product_cat":[33],"product_tag":[],"class_list":{"0":"post-4838","1":"product","2":"type-product","3":"status-publish","4":"has-post-thumbnail","6":"product_cat-vybava_naradi_doplnky","8":"first","9":"instock","10":"shipping-taxable","11":"purchasable","12":"product-type-simple"},"_links":{"self":[{"href":"https:\/\/nd.gaz69.cz\/en\/wp-json\/wp\/v2\/product\/4838","targetHints":{"allow":["GET"]}}],"collection":[{"href":"https:\/\/nd.gaz69.cz\/en\/wp-json\/wp\/v2\/product"}],"about":[{"href":"https:\/\/nd.gaz69.cz\/en\/wp-json\/wp\/v2\/types\/product"}],"wp:featuredmedia":[{"embeddable":true,"href":"https:\/\/nd.gaz69.cz\/en\/wp-json\/wp\/v2\/media\/4839"}],"wp:attachment":[{"href":"https:\/\/nd.gaz69.cz\/en\/wp-json\/wp\/v2\/media?parent=4838"}],"wp:term":[{"taxonomy":"product_brand","embeddable":true,"href":"https:\/\/nd.gaz69.cz\/en\/wp-json\/wp\/v2\/product_brand?post=4838"},{"taxonomy":"product_cat","embeddable":true,"href":"https:\/\/nd.gaz69.cz\/en\/wp-json\/wp\/v2\/product_cat?post=4838"},{"taxonomy":"product_tag","embeddable":true,"href":"https:\/\/nd.gaz69.cz\/en\/wp-json\/wp\/v2\/product_tag?post=4838"}],"curies":[{"name":"wp","href":"https:\/\/api.w.org\/{rel}","templated":true}]}}