{"id":4833,"date":"2026-02-04T08:30:20","date_gmt":"2026-02-04T07:30:20","guid":{"rendered":"https:\/\/nd.gaz69.cz\/?post_type=product&#038;p=4833"},"modified":"2026-02-04T08:40:01","modified_gmt":"2026-02-04T07:40:01","slug":"vrtule-original","status":"publish","type":"product","link":"https:\/\/nd.gaz69.cz\/en\/produkt\/vrtule-original\/","title":{"rendered":"V\u011btr\u00e1k &#8211; ORIGIN\u00c1L !"},"content":{"rendered":"<p>Nov\u00fd. Origin\u00e1l.<\/p>\n","protected":false},"excerpt":{"rendered":"<p>Nov\u00fd. Origin\u00e1l.<\/p>\n","protected":false},"featured_media":4834,"template":"","meta":[],"product_brand":[],"product_cat":[44],"product_tag":[],"class_list":{"0":"post-4833","1":"product","2":"type-product","3":"status-publish","4":"has-post-thumbnail","6":"product_cat-sytem_chlazeni_topeni","8":"first","9":"instock","10":"shipping-taxable","11":"purchasable","12":"product-type-simple"},"_links":{"self":[{"href":"https:\/\/nd.gaz69.cz\/en\/wp-json\/wp\/v2\/product\/4833","targetHints":{"allow":["GET"]}}],"collection":[{"href":"https:\/\/nd.gaz69.cz\/en\/wp-json\/wp\/v2\/product"}],"about":[{"href":"https:\/\/nd.gaz69.cz\/en\/wp-json\/wp\/v2\/types\/product"}],"wp:featuredmedia":[{"embeddable":true,"href":"https:\/\/nd.gaz69.cz\/en\/wp-json\/wp\/v2\/media\/4834"}],"wp:attachment":[{"href":"https:\/\/nd.gaz69.cz\/en\/wp-json\/wp\/v2\/media?parent=4833"}],"wp:term":[{"taxonomy":"product_brand","embeddable":true,"href":"https:\/\/nd.gaz69.cz\/en\/wp-json\/wp\/v2\/product_brand?post=4833"},{"taxonomy":"product_cat","embeddable":true,"href":"https:\/\/nd.gaz69.cz\/en\/wp-json\/wp\/v2\/product_cat?post=4833"},{"taxonomy":"product_tag","embeddable":true,"href":"https:\/\/nd.gaz69.cz\/en\/wp-json\/wp\/v2\/product_tag?post=4833"}],"curies":[{"name":"wp","href":"https:\/\/api.w.org\/{rel}","templated":true}]}}