{"id":4796,"date":"2026-01-25T10:11:40","date_gmt":"2026-01-25T09:11:40","guid":{"rendered":"https:\/\/nd.gaz69.cz\/?post_type=product&#038;p=4796"},"modified":"2026-01-25T10:11:41","modified_gmt":"2026-01-25T09:11:41","slug":"izolacni-podlozka-pod-dvoukomorovy-karburator-uaz-volha","status":"publish","type":"product","link":"https:\/\/nd.gaz69.cz\/en\/produkt\/izolacni-podlozka-pod-dvoukomorovy-karburator-uaz-volha\/","title":{"rendered":"Izola\u010dn\u00ed podlo\u017eka pod dvoukomorov\u00fd karbur\u00e1tor &#8211; UAZ &#8211; Volha"},"content":{"rendered":"<p>Analog. Nov\u00e1.<\/p>\n<p>S\u00edla podlo\u017eky je 11 mm.<\/p>\n","protected":false},"excerpt":{"rendered":"<p>Analog. Nov\u00e1. S\u00edla podlo\u017eky je 11 mm.<\/p>\n","protected":false},"featured_media":4798,"template":"","meta":[],"product_brand":[],"product_cat":[54,55,56],"product_tag":[],"class_list":{"0":"post-4796","1":"product","2":"type-product","3":"status-publish","4":"has-post-thumbnail","6":"product_cat-uaz_469_uaz_452","7":"product_cat-volha_21","8":"product_cat-volha_24","10":"first","11":"instock","12":"shipping-taxable","13":"purchasable","14":"product-type-simple"},"_links":{"self":[{"href":"https:\/\/nd.gaz69.cz\/en\/wp-json\/wp\/v2\/product\/4796","targetHints":{"allow":["GET"]}}],"collection":[{"href":"https:\/\/nd.gaz69.cz\/en\/wp-json\/wp\/v2\/product"}],"about":[{"href":"https:\/\/nd.gaz69.cz\/en\/wp-json\/wp\/v2\/types\/product"}],"wp:featuredmedia":[{"embeddable":true,"href":"https:\/\/nd.gaz69.cz\/en\/wp-json\/wp\/v2\/media\/4798"}],"wp:attachment":[{"href":"https:\/\/nd.gaz69.cz\/en\/wp-json\/wp\/v2\/media?parent=4796"}],"wp:term":[{"taxonomy":"product_brand","embeddable":true,"href":"https:\/\/nd.gaz69.cz\/en\/wp-json\/wp\/v2\/product_brand?post=4796"},{"taxonomy":"product_cat","embeddable":true,"href":"https:\/\/nd.gaz69.cz\/en\/wp-json\/wp\/v2\/product_cat?post=4796"},{"taxonomy":"product_tag","embeddable":true,"href":"https:\/\/nd.gaz69.cz\/en\/wp-json\/wp\/v2\/product_tag?post=4796"}],"curies":[{"name":"wp","href":"https:\/\/api.w.org\/{rel}","templated":true}]}}