{"id":4769,"date":"2026-01-19T14:21:33","date_gmt":"2026-01-19T13:21:33","guid":{"rendered":"https:\/\/nd.gaz69.cz\/?post_type=product&#038;p=4769"},"modified":"2026-01-25T10:08:11","modified_gmt":"2026-01-25T09:08:11","slug":"cepy-polokouli-predni-napravy-uaz-gaz-69-original","status":"publish","type":"product","link":"https:\/\/nd.gaz69.cz\/en\/produkt\/cepy-polokouli-predni-napravy-uaz-gaz-69-original\/","title":{"rendered":"Svisl\u00e9 \u010depy polokoul\u00ed p\u0159edn\u00ed n\u00e1pravy s pouzdrem &#8211; Uaz &#8211; Gaz 69 &#8211; ORIGIN\u00c1L !"},"content":{"rendered":"<p>Origin\u00e1l. Nov\u00e9.<\/p>\n<p><strong>\u010cepy polokoul\u00ed pro p\u0159edn\u00ed n\u00e1pravu Uaz 452, Uaz 469 a Gaz 69 v p\u0159\u00edpad\u011b, \u017ee jsou na p\u0159edn\u00ed n\u00e1prav\u011b 4ks p\u016flen\u00fdch, brzdov\u00fdch v\u00e1le\u010dk\u016f .<\/strong><\/p>\n<p><strong>Cena je uvedena za komplet 4 kusy.<\/strong><\/p>\n","protected":false},"excerpt":{"rendered":"<p>Origin\u00e1l. Nov\u00e9. \u010cepy polokoul\u00ed pro p\u0159edn\u00ed n\u00e1pravu Uaz 452, Uaz 469 a Gaz 69 v p\u0159\u00edpad\u011b, \u017ee jsou na p\u0159edn\u00ed n\u00e1prav\u011b 4ks p\u016flen\u00fdch, brzdov\u00fdch v\u00e1le\u010dk\u016f . Cena je uvedena za komplet 4 kusy.<\/p>\n","protected":false},"featured_media":4770,"template":"","meta":[],"product_brand":[],"product_cat":[28,54],"product_tag":[],"class_list":{"0":"post-4769","1":"product","2":"type-product","3":"status-publish","4":"has-post-thumbnail","6":"product_cat-podvozek","7":"product_cat-uaz_469_uaz_452","9":"first","10":"instock","11":"shipping-taxable","12":"purchasable","13":"product-type-simple"},"_links":{"self":[{"href":"https:\/\/nd.gaz69.cz\/en\/wp-json\/wp\/v2\/product\/4769","targetHints":{"allow":["GET"]}}],"collection":[{"href":"https:\/\/nd.gaz69.cz\/en\/wp-json\/wp\/v2\/product"}],"about":[{"href":"https:\/\/nd.gaz69.cz\/en\/wp-json\/wp\/v2\/types\/product"}],"wp:featuredmedia":[{"embeddable":true,"href":"https:\/\/nd.gaz69.cz\/en\/wp-json\/wp\/v2\/media\/4770"}],"wp:attachment":[{"href":"https:\/\/nd.gaz69.cz\/en\/wp-json\/wp\/v2\/media?parent=4769"}],"wp:term":[{"taxonomy":"product_brand","embeddable":true,"href":"https:\/\/nd.gaz69.cz\/en\/wp-json\/wp\/v2\/product_brand?post=4769"},{"taxonomy":"product_cat","embeddable":true,"href":"https:\/\/nd.gaz69.cz\/en\/wp-json\/wp\/v2\/product_cat?post=4769"},{"taxonomy":"product_tag","embeddable":true,"href":"https:\/\/nd.gaz69.cz\/en\/wp-json\/wp\/v2\/product_tag?post=4769"}],"curies":[{"name":"wp","href":"https:\/\/api.w.org\/{rel}","templated":true}]}}