{"id":468,"date":"2024-04-04T20:46:41","date_gmt":"2024-04-04T18:46:41","guid":{"rendered":"https:\/\/nd.gaz69.cz\/?post_type=product&#038;p=468"},"modified":"2025-07-01T15:56:45","modified_gmt":"2025-07-01T13:56:45","slug":"cep-zavesneho-ramene-prednich-a-zadnich-tlumicu","status":"publish","type":"product","link":"https:\/\/nd.gaz69.cz\/en\/produkt\/cep-zavesneho-ramene-prednich-a-zadnich-tlumicu\/","title":{"rendered":"\u010cep z\u00e1v\u011bsn\u00e9ho ramene p\u0159edn\u00edch a zadn\u00edch tlumi\u010d\u016f &#8211; ORIGIN\u00c1L !"},"content":{"rendered":"<p>Origin\u00e1l. Nov\u00fd.<\/p>\n","protected":false},"excerpt":{"rendered":"<p>Origin\u00e1l. Nov\u00fd.<\/p>\n","protected":false},"featured_media":469,"template":"","meta":[],"product_brand":[],"product_cat":[28,54],"product_tag":[],"class_list":{"0":"post-468","1":"product","2":"type-product","3":"status-publish","4":"has-post-thumbnail","6":"product_cat-podvozek","7":"product_cat-uaz_469_uaz_452","9":"first","10":"instock","11":"shipping-taxable","12":"purchasable","13":"product-type-simple"},"_links":{"self":[{"href":"https:\/\/nd.gaz69.cz\/en\/wp-json\/wp\/v2\/product\/468","targetHints":{"allow":["GET"]}}],"collection":[{"href":"https:\/\/nd.gaz69.cz\/en\/wp-json\/wp\/v2\/product"}],"about":[{"href":"https:\/\/nd.gaz69.cz\/en\/wp-json\/wp\/v2\/types\/product"}],"wp:featuredmedia":[{"embeddable":true,"href":"https:\/\/nd.gaz69.cz\/en\/wp-json\/wp\/v2\/media\/469"}],"wp:attachment":[{"href":"https:\/\/nd.gaz69.cz\/en\/wp-json\/wp\/v2\/media?parent=468"}],"wp:term":[{"taxonomy":"product_brand","embeddable":true,"href":"https:\/\/nd.gaz69.cz\/en\/wp-json\/wp\/v2\/product_brand?post=468"},{"taxonomy":"product_cat","embeddable":true,"href":"https:\/\/nd.gaz69.cz\/en\/wp-json\/wp\/v2\/product_cat?post=468"},{"taxonomy":"product_tag","embeddable":true,"href":"https:\/\/nd.gaz69.cz\/en\/wp-json\/wp\/v2\/product_tag?post=468"}],"curies":[{"name":"wp","href":"https:\/\/api.w.org\/{rel}","templated":true}]}}