{"id":4668,"date":"2024-04-05T14:44:51","date_gmt":"2024-04-05T12:44:51","guid":{"rendered":"https:\/\/nd.gaz69.cz\/?post_type=product&#038;p=4668"},"modified":"2025-12-28T08:25:46","modified_gmt":"2025-12-28T07:25:46","slug":"prepinac-s-kulickou-50-leta-original","status":"publish","type":"product","link":"https:\/\/nd.gaz69.cz\/en\/produkt\/prepinac-s-kulickou-50-leta-original\/","title":{"rendered":"P\u0159ep\u00edna\u010d s kuli\u010dkou &#8211; 50. l\u00e9ta &#8211; ORIGIN\u00c1L !"},"content":{"rendered":"<p>Origin\u00e1l. Nov\u00fd.<\/p>\n<p>Jedn\u00e1 se o p\u0159ep\u00edna\u010d z prvn\u00edch let v\u00fdroby Gaz 69. ( 50. l\u00e9ta )<\/p>\n","protected":false},"excerpt":{"rendered":"<p>Origin\u00e1l. Nov\u00fd. Jedn\u00e1 se o p\u0159ep\u00edna\u010d z prvn\u00edch let v\u00fdroby Gaz 69. ( 50. l\u00e9ta )<\/p>\n","protected":false},"featured_media":4669,"template":"","meta":[],"product_brand":[],"product_cat":[31],"product_tag":[],"class_list":{"0":"post-4668","1":"product","2":"type-product","3":"status-publish","4":"has-post-thumbnail","6":"product_cat-elektricke_casti","8":"first","9":"instock","10":"shipping-taxable","11":"purchasable","12":"product-type-simple"},"_links":{"self":[{"href":"https:\/\/nd.gaz69.cz\/en\/wp-json\/wp\/v2\/product\/4668","targetHints":{"allow":["GET"]}}],"collection":[{"href":"https:\/\/nd.gaz69.cz\/en\/wp-json\/wp\/v2\/product"}],"about":[{"href":"https:\/\/nd.gaz69.cz\/en\/wp-json\/wp\/v2\/types\/product"}],"wp:featuredmedia":[{"embeddable":true,"href":"https:\/\/nd.gaz69.cz\/en\/wp-json\/wp\/v2\/media\/4669"}],"wp:attachment":[{"href":"https:\/\/nd.gaz69.cz\/en\/wp-json\/wp\/v2\/media?parent=4668"}],"wp:term":[{"taxonomy":"product_brand","embeddable":true,"href":"https:\/\/nd.gaz69.cz\/en\/wp-json\/wp\/v2\/product_brand?post=4668"},{"taxonomy":"product_cat","embeddable":true,"href":"https:\/\/nd.gaz69.cz\/en\/wp-json\/wp\/v2\/product_cat?post=4668"},{"taxonomy":"product_tag","embeddable":true,"href":"https:\/\/nd.gaz69.cz\/en\/wp-json\/wp\/v2\/product_tag?post=4668"}],"curies":[{"name":"wp","href":"https:\/\/api.w.org\/{rel}","templated":true}]}}