{"id":4553,"date":"2025-11-02T09:28:12","date_gmt":"2025-11-02T08:28:12","guid":{"rendered":"https:\/\/nd.gaz69.cz\/?post_type=product&#038;p=4553"},"modified":"2025-12-21T21:26:51","modified_gmt":"2025-12-21T20:26:51","slug":"letlampa-do-vybavy-vozidla-%d1%83%d0%b0%d0%b7-original","status":"publish","type":"product","link":"https:\/\/nd.gaz69.cz\/en\/produkt\/letlampa-do-vybavy-vozidla-%d1%83%d0%b0%d0%b7-original\/","title":{"rendered":"Letlampa do v\u00fdbavy vozidla &#8211; \u0423\u0410\u0417 &#8211; ORIGIN\u00c1L !"},"content":{"rendered":"<p>Origin\u00e1l. U\u017e\u00edvan\u00e1.<\/p>\n<p>Ur\u010dena k renovaci.<\/p>\n<p><strong>Vhodn\u00e1 do v\u00fdbavy vozidla Gaz 69, Uaz .<\/strong><\/p>\n","protected":false},"excerpt":{"rendered":"<p>Origin\u00e1l. U\u017e\u00edvan\u00e1. Ur\u010dena k renovaci. Vhodn\u00e1 do v\u00fdbavy vozidla Gaz 69, Uaz .<\/p>\n","protected":false},"featured_media":4554,"template":"","meta":[],"product_brand":[],"product_cat":[33],"product_tag":[],"class_list":{"0":"post-4553","1":"product","2":"type-product","3":"status-publish","4":"has-post-thumbnail","6":"product_cat-vybava_naradi_doplnky","8":"first","9":"instock","10":"shipping-taxable","11":"purchasable","12":"product-type-simple"},"_links":{"self":[{"href":"https:\/\/nd.gaz69.cz\/en\/wp-json\/wp\/v2\/product\/4553","targetHints":{"allow":["GET"]}}],"collection":[{"href":"https:\/\/nd.gaz69.cz\/en\/wp-json\/wp\/v2\/product"}],"about":[{"href":"https:\/\/nd.gaz69.cz\/en\/wp-json\/wp\/v2\/types\/product"}],"wp:featuredmedia":[{"embeddable":true,"href":"https:\/\/nd.gaz69.cz\/en\/wp-json\/wp\/v2\/media\/4554"}],"wp:attachment":[{"href":"https:\/\/nd.gaz69.cz\/en\/wp-json\/wp\/v2\/media?parent=4553"}],"wp:term":[{"taxonomy":"product_brand","embeddable":true,"href":"https:\/\/nd.gaz69.cz\/en\/wp-json\/wp\/v2\/product_brand?post=4553"},{"taxonomy":"product_cat","embeddable":true,"href":"https:\/\/nd.gaz69.cz\/en\/wp-json\/wp\/v2\/product_cat?post=4553"},{"taxonomy":"product_tag","embeddable":true,"href":"https:\/\/nd.gaz69.cz\/en\/wp-json\/wp\/v2\/product_tag?post=4553"}],"curies":[{"name":"wp","href":"https:\/\/api.w.org\/{rel}","templated":true}]}}