{"id":4539,"date":"2025-11-02T09:16:10","date_gmt":"2025-11-02T08:16:10","guid":{"rendered":"https:\/\/nd.gaz69.cz\/?post_type=product&#038;p=4539"},"modified":"2026-02-28T09:15:52","modified_gmt":"2026-02-28T08:15:52","slug":"tepelny-stit-pod-jednokomorovy-karburator-original","status":"publish","type":"product","link":"https:\/\/nd.gaz69.cz\/en\/produkt\/tepelny-stit-pod-jednokomorovy-karburator-original\/","title":{"rendered":"Tepeln\u00fd \u0161t\u00edt pod jednokomorov\u00fd karbur\u00e1tor &#8211; ORIGIN\u00c1L ! &#8211; DO\u010cASN\u011a VYPROD\u00c1NO &#8230;"},"content":{"rendered":"<p>Origin\u00e1l. Nov\u00fd.<\/p>\n","protected":false},"excerpt":{"rendered":"<p>Origin\u00e1l. Nov\u00fd.<\/p>\n","protected":false},"featured_media":4540,"template":"","meta":[],"product_brand":[],"product_cat":[54,55,56],"product_tag":[],"class_list":{"0":"post-4539","1":"product","2":"type-product","3":"status-publish","4":"has-post-thumbnail","6":"product_cat-uaz_469_uaz_452","7":"product_cat-volha_21","8":"product_cat-volha_24","10":"first","11":"instock","12":"shipping-taxable","13":"purchasable","14":"product-type-simple"},"_links":{"self":[{"href":"https:\/\/nd.gaz69.cz\/en\/wp-json\/wp\/v2\/product\/4539","targetHints":{"allow":["GET"]}}],"collection":[{"href":"https:\/\/nd.gaz69.cz\/en\/wp-json\/wp\/v2\/product"}],"about":[{"href":"https:\/\/nd.gaz69.cz\/en\/wp-json\/wp\/v2\/types\/product"}],"wp:featuredmedia":[{"embeddable":true,"href":"https:\/\/nd.gaz69.cz\/en\/wp-json\/wp\/v2\/media\/4540"}],"wp:attachment":[{"href":"https:\/\/nd.gaz69.cz\/en\/wp-json\/wp\/v2\/media?parent=4539"}],"wp:term":[{"taxonomy":"product_brand","embeddable":true,"href":"https:\/\/nd.gaz69.cz\/en\/wp-json\/wp\/v2\/product_brand?post=4539"},{"taxonomy":"product_cat","embeddable":true,"href":"https:\/\/nd.gaz69.cz\/en\/wp-json\/wp\/v2\/product_cat?post=4539"},{"taxonomy":"product_tag","embeddable":true,"href":"https:\/\/nd.gaz69.cz\/en\/wp-json\/wp\/v2\/product_tag?post=4539"}],"curies":[{"name":"wp","href":"https:\/\/api.w.org\/{rel}","templated":true}]}}