{"id":4522,"date":"2025-10-25T09:12:24","date_gmt":"2025-10-25T07:12:24","guid":{"rendered":"https:\/\/nd.gaz69.cz\/?post_type=product&#038;p=4522"},"modified":"2025-10-25T09:12:25","modified_gmt":"2025-10-25T07:12:25","slug":"opravna-sada-cerpadla-paliva-6-sroubu","status":"publish","type":"product","link":"https:\/\/nd.gaz69.cz\/en\/produkt\/opravna-sada-cerpadla-paliva-6-sroubu\/","title":{"rendered":"Opravn\u00e1 sada \u010derpadla paliva ( 6 \u0161roub\u016f )"},"content":{"rendered":"<p><strong>Membr\u00e1na a t\u011bsn\u011bn\u00ed skleni\u010dky je vyrobeno z modern\u00edho materi\u00e1lu, kter\u00fd je odoln\u00fd dne\u0161n\u00edmu benz\u00ednu s p\u0159\u00edm\u011bs\u00ed bioslo\u017eek, kter\u00e9 jsou tvo\u0159en\u00e9 methylestery kyselin z \u0159epkov\u00e9ho oleje (ME\u0158O) nebo methylestery mastn\u00fdch kyselin z palmov\u00e9ho oleje (FAME).<\/strong><\/p>\n<p><strong>Ventilky jsou origin\u00e1l .<\/strong><\/p>\n<p><strong>Cena je uvedena za celou sadu.<\/strong><\/p>\n","protected":false},"excerpt":{"rendered":"<p>Membr\u00e1na a t\u011bsn\u011bn\u00ed skleni\u010dky je vyrobeno z modern\u00edho materi\u00e1lu, kter\u00fd je odoln\u00fd dne\u0161n\u00edmu benz\u00ednu s p\u0159\u00edm\u011bs\u00ed bioslo\u017eek, kter\u00e9 jsou tvo\u0159en\u00e9 methylestery kyselin z \u0159epkov\u00e9ho oleje (ME\u0158O) nebo methylestery mastn\u00fdch kyselin z palmov\u00e9ho oleje (FAME). Ventilky jsou origin\u00e1l . Cena je uvedena za celou sadu.<\/p>\n","protected":false},"featured_media":4523,"template":"","meta":[],"product_brand":[],"product_cat":[48,47,55],"product_tag":[],"class_list":{"0":"post-4522","1":"product","2":"type-product","3":"status-publish","4":"has-post-thumbnail","6":"product_cat-gumove_casti_tesneni_silentbloky","7":"product_cat-system_paliva","8":"product_cat-volha_21","10":"first","11":"instock","12":"shipping-taxable","13":"purchasable","14":"product-type-simple"},"_links":{"self":[{"href":"https:\/\/nd.gaz69.cz\/en\/wp-json\/wp\/v2\/product\/4522","targetHints":{"allow":["GET"]}}],"collection":[{"href":"https:\/\/nd.gaz69.cz\/en\/wp-json\/wp\/v2\/product"}],"about":[{"href":"https:\/\/nd.gaz69.cz\/en\/wp-json\/wp\/v2\/types\/product"}],"wp:featuredmedia":[{"embeddable":true,"href":"https:\/\/nd.gaz69.cz\/en\/wp-json\/wp\/v2\/media\/4523"}],"wp:attachment":[{"href":"https:\/\/nd.gaz69.cz\/en\/wp-json\/wp\/v2\/media?parent=4522"}],"wp:term":[{"taxonomy":"product_brand","embeddable":true,"href":"https:\/\/nd.gaz69.cz\/en\/wp-json\/wp\/v2\/product_brand?post=4522"},{"taxonomy":"product_cat","embeddable":true,"href":"https:\/\/nd.gaz69.cz\/en\/wp-json\/wp\/v2\/product_cat?post=4522"},{"taxonomy":"product_tag","embeddable":true,"href":"https:\/\/nd.gaz69.cz\/en\/wp-json\/wp\/v2\/product_tag?post=4522"}],"curies":[{"name":"wp","href":"https:\/\/api.w.org\/{rel}","templated":true}]}}