{"id":450,"date":"2024-04-04T20:14:22","date_gmt":"2024-04-04T18:14:22","guid":{"rendered":"https:\/\/nd.gaz69.cz\/?post_type=product&#038;p=450"},"modified":"2025-08-19T18:13:45","modified_gmt":"2025-08-19T16:13:45","slug":"pruchodka-lanovodu-tahla-clony-chladice-v-predni-pricne-stene-karoserie","status":"publish","type":"product","link":"https:\/\/nd.gaz69.cz\/en\/produkt\/pruchodka-lanovodu-tahla-clony-chladice-v-predni-pricne-stene-karoserie\/","title":{"rendered":"Pr\u016fchodka lanovodu t\u00e1hla clony chladi\u010de ( v p\u0159edn\u00ed p\u0159\u00ed\u010dn\u00e9 st\u011bn\u011b karoserie ) &#8211; ORIGIN\u00c1L !"},"content":{"rendered":"<p>Origin\u00e1l. Nov\u00e1.<\/p>\n<p><strong>\u00a0<\/strong><\/p>\n","protected":false},"excerpt":{"rendered":"<p>Origin\u00e1l. Nov\u00e1. \u00a0<\/p>\n","protected":false},"featured_media":2406,"template":"","meta":[],"product_brand":[],"product_cat":[48,54,55,56],"product_tag":[],"class_list":{"0":"post-450","1":"product","2":"type-product","3":"status-publish","4":"has-post-thumbnail","6":"product_cat-gumove_casti_tesneni_silentbloky","7":"product_cat-uaz_469_uaz_452","8":"product_cat-volha_21","9":"product_cat-volha_24","11":"first","12":"instock","13":"shipping-taxable","14":"purchasable","15":"product-type-simple"},"_links":{"self":[{"href":"https:\/\/nd.gaz69.cz\/en\/wp-json\/wp\/v2\/product\/450","targetHints":{"allow":["GET"]}}],"collection":[{"href":"https:\/\/nd.gaz69.cz\/en\/wp-json\/wp\/v2\/product"}],"about":[{"href":"https:\/\/nd.gaz69.cz\/en\/wp-json\/wp\/v2\/types\/product"}],"wp:featuredmedia":[{"embeddable":true,"href":"https:\/\/nd.gaz69.cz\/en\/wp-json\/wp\/v2\/media\/2406"}],"wp:attachment":[{"href":"https:\/\/nd.gaz69.cz\/en\/wp-json\/wp\/v2\/media?parent=450"}],"wp:term":[{"taxonomy":"product_brand","embeddable":true,"href":"https:\/\/nd.gaz69.cz\/en\/wp-json\/wp\/v2\/product_brand?post=450"},{"taxonomy":"product_cat","embeddable":true,"href":"https:\/\/nd.gaz69.cz\/en\/wp-json\/wp\/v2\/product_cat?post=450"},{"taxonomy":"product_tag","embeddable":true,"href":"https:\/\/nd.gaz69.cz\/en\/wp-json\/wp\/v2\/product_tag?post=450"}],"curies":[{"name":"wp","href":"https:\/\/api.w.org\/{rel}","templated":true}]}}