{"id":4496,"date":"2025-10-14T10:23:02","date_gmt":"2025-10-14T08:23:02","guid":{"rendered":"https:\/\/nd.gaz69.cz\/?post_type=product&#038;p=4496"},"modified":"2025-10-29T07:32:27","modified_gmt":"2025-10-29T06:32:27","slug":"hasici-pristroj-%d0%be%d1%832-original","status":"publish","type":"product","link":"https:\/\/nd.gaz69.cz\/en\/produkt\/hasici-pristroj-%d0%be%d1%832-original\/","title":{"rendered":"Hasic\u00ed p\u0159\u00edstroj &#8211; \u041e\u04232 &#8211; ORIGIN\u00c1L ! &#8211; DO\u010cASN\u011a VYPROD\u00c1NO &#8230;"},"content":{"rendered":"<p>Origin\u00e1l. Stav nov\u00e9ho.<\/p>\n<p><strong>U hasic\u00edho p\u0159\u00edstroje byla provedena profesion\u00e1ln\u00ed renovace, v\u010detn\u011b dopln\u011bn\u00ed <span class=\"BxUVEf ILfuVd\" lang=\"cs\"><span class=\"hgKElc\">oxidem uhli\u010dit\u00fdm (CO2) v odborn\u00e9 firm\u011b.<\/span><\/span><\/strong><\/p>\n<p><strong>Hasic\u00ed p\u0159\u00edstroj je pln\u011b funk\u010dn\u00ed !<\/strong><\/p>\n","protected":false},"excerpt":{"rendered":"<p>Origin\u00e1l. Stav nov\u00e9ho. U hasic\u00edho p\u0159\u00edstroje byla provedena profesion\u00e1ln\u00ed renovace, v\u010detn\u011b dopln\u011bn\u00ed oxidem uhli\u010dit\u00fdm (CO2) v odborn\u00e9 firm\u011b. Hasic\u00ed p\u0159\u00edstroj je pln\u011b funk\u010dn\u00ed !<\/p>\n","protected":false},"featured_media":4498,"template":"","meta":[],"product_brand":[],"product_cat":[33],"product_tag":[],"class_list":{"0":"post-4496","1":"product","2":"type-product","3":"status-publish","4":"has-post-thumbnail","6":"product_cat-vybava_naradi_doplnky","8":"first","9":"instock","10":"shipping-taxable","11":"purchasable","12":"product-type-simple"},"_links":{"self":[{"href":"https:\/\/nd.gaz69.cz\/en\/wp-json\/wp\/v2\/product\/4496","targetHints":{"allow":["GET"]}}],"collection":[{"href":"https:\/\/nd.gaz69.cz\/en\/wp-json\/wp\/v2\/product"}],"about":[{"href":"https:\/\/nd.gaz69.cz\/en\/wp-json\/wp\/v2\/types\/product"}],"wp:featuredmedia":[{"embeddable":true,"href":"https:\/\/nd.gaz69.cz\/en\/wp-json\/wp\/v2\/media\/4498"}],"wp:attachment":[{"href":"https:\/\/nd.gaz69.cz\/en\/wp-json\/wp\/v2\/media?parent=4496"}],"wp:term":[{"taxonomy":"product_brand","embeddable":true,"href":"https:\/\/nd.gaz69.cz\/en\/wp-json\/wp\/v2\/product_brand?post=4496"},{"taxonomy":"product_cat","embeddable":true,"href":"https:\/\/nd.gaz69.cz\/en\/wp-json\/wp\/v2\/product_cat?post=4496"},{"taxonomy":"product_tag","embeddable":true,"href":"https:\/\/nd.gaz69.cz\/en\/wp-json\/wp\/v2\/product_tag?post=4496"}],"curies":[{"name":"wp","href":"https:\/\/api.w.org\/{rel}","templated":true}]}}